{"id":103,"date":"2020-01-05T16:52:42","date_gmt":"2020-01-05T15:52:42","guid":{"rendered":"http:\/\/czyste-jeziora.pl\/?page_id=103"},"modified":"2020-01-15T12:24:03","modified_gmt":"2020-01-15T11:24:03","slug":"ujecie-wody-oborniki-kowanowko","status":"publish","type":"page","link":"https:\/\/czyste-jeziora.pl\/?page_id=103","title":{"rendered":"Uj\u0119cie wody Oborniki (Kowan\u00f3wko)"},"content":{"rendered":"\n<h4 class=\"wp-block-heading\">19.08.2019 &#8211;  Obornickie Stowarzyszenie Wodniackie APLAGA do Przedsi\u0119biorstwo Wodoci\u0105g\u00f3w i Kanalizacji w Obornikach &#8211; Wniosek o udost\u0119pnienie informacji publicznej &#8211; parametr\u00f3w dotycz\u0105cych jako\u015bci wody uj\u0119cia w Kowan\u00f3wku<\/h4>\n\n\n\n<figure class=\"wp-block-embed-pdf-viewer-embed-pdf-viewer wp-block-embed-pdf-viewer-embed-pdf-viewer__content-wrapper\"><object class=\"embed-pdf-viewer\" data=\"https:\/\/czyste-jeziora.pl\/wp-content\/uploads\/2020\/01\/ProsbaUdostepnienieDanychDotyczacychJakosciWodyUjeciaV2.pdf#scrollbar=1&amp;toolbar=1\" type=\"application\/pdf\" height=\"400\" width=\"600\"><\/object><iframe class=\"embed-pdf-viewer\" src=\"https:\/\/docs.google.com\/viewer?url=http%3A%2F%2Fczyste-jeziora.pl%2Fwp-content%2Fuploads%2F2020%2F01%2FProsbaUdostepnienieDanychDotyczacychJakosciWodyUjeciaV2.pdf&amp;embedded=true\" frameborder=\"0\" height=\"400\" width=\"600\"><\/iframe><\/figure>\n\n\n\n<h4 class=\"wp-block-heading\">06.09.2019 &#8211; Odpowied\u017a PWiK Oborniki na wniosek Stowarzyszenia APLAGA dotycz\u0105cy <a href=\"https:\/\/czyste-jeziora.pl\/?page_id=131\">wynik\u00f3w bada\u0144 uj\u0119cia wody oraz rzeki We\u0142ny w latach 2011 &#8211; 2019<\/a><\/h4>\n\n\n\n<figure class=\"wp-block-image size-large\"><a href=\"https:\/\/czyste-jeziora.pl\/?page_id=131\"><img fetchpriority=\"high\" decoding=\"async\" width=\"724\" height=\"1024\" src=\"https:\/\/czyste-jeziora.pl\/wp-content\/uploads\/2020\/01\/Odpowiedz_PWiK_Oborniki_na_wniosek_APLAGi_2019_09_06-724x1024.jpg\" alt=\"\" class=\"wp-image-346\" srcset=\"https:\/\/czyste-jeziora.pl\/wp-content\/uploads\/2020\/01\/Odpowiedz_PWiK_Oborniki_na_wniosek_APLAGi_2019_09_06-724x1024.jpg 724w, https:\/\/czyste-jeziora.pl\/wp-content\/uploads\/2020\/01\/Odpowiedz_PWiK_Oborniki_na_wniosek_APLAGi_2019_09_06-212x300.jpg 212w, https:\/\/czyste-jeziora.pl\/wp-content\/uploads\/2020\/01\/Odpowiedz_PWiK_Oborniki_na_wniosek_APLAGi_2019_09_06-768x1086.jpg 768w, https:\/\/czyste-jeziora.pl\/wp-content\/uploads\/2020\/01\/Odpowiedz_PWiK_Oborniki_na_wniosek_APLAGi_2019_09_06-1086x1536.jpg 1086w, https:\/\/czyste-jeziora.pl\/wp-content\/uploads\/2020\/01\/Odpowiedz_PWiK_Oborniki_na_wniosek_APLAGi_2019_09_06-1448x2048.jpg 1448w, https:\/\/czyste-jeziora.pl\/wp-content\/uploads\/2020\/01\/Odpowiedz_PWiK_Oborniki_na_wniosek_APLAGi_2019_09_06-scaled.jpg 1810w\" sizes=\"(max-width: 724px) 100vw, 724px\" \/><\/a><\/figure>\n\n\n\n<h4 class=\"wp-block-heading\">28.08.2019 &#8211; Obornickie Stowarzyszenie Wodniackie APLAGA do Przewodnicz\u0105cego Rady Miejskiej w Obornikach &#8211; Zawiadomienie o zagro\u017ceniu zatrucia uj\u0119cia w Kowan\u00f3wku zasilaj\u0105cego w wod\u0119 mieszka\u0144c\u00f3w Obornik i 34 s\u0105siaduj\u0105cych miejscowo\u015bci.<\/h4>\n\n\n\n<figure class=\"wp-block-embed-pdf-viewer-embed-pdf-viewer wp-block-embed-pdf-viewer-embed-pdf-viewer__content-wrapper\"><object class=\"embed-pdf-viewer\" data=\"https:\/\/czyste-jeziora.pl\/wp-content\/uploads\/2020\/01\/APLAGA_ZagrozeniaDlaUjeciaWodyKowanowko.pdf#scrollbar=1&amp;toolbar=1\" type=\"application\/pdf\" height=\"400\" width=\"600\"><\/object><iframe class=\"embed-pdf-viewer\" src=\"https:\/\/docs.google.com\/viewer?url=http%3A%2F%2Fczyste-jeziora.pl%2Fwp-content%2Fuploads%2F2020%2F01%2FAPLAGA_ZagrozeniaDlaUjeciaWodyKowanowko.pdf&amp;embedded=true\" frameborder=\"0\" height=\"400\" width=\"600\"><\/iframe><\/figure>\n\n\n\n<h4 class=\"wp-block-heading\">09.09.2019 &#8211; NW W\u0142\u00f3czykije &#8211; Wniosek do Rady Miasta Obornik o zweryfikowanie zagroze\u0144 ujecia wody dla Obornik<\/h4>\n\n\n\n<figure class=\"wp-block-embed-pdf-viewer-embed-pdf-viewer wp-block-embed-pdf-viewer-embed-pdf-viewer__content-wrapper\"><object class=\"embed-pdf-viewer\" data=\"https:\/\/czyste-jeziora.pl\/wp-content\/uploads\/2020\/01\/NW_Wloczykije_WniosekDoRadyMiastaObornikOZweryfikowanieZagrozenUjeciaWodyV2.pdf#scrollbar=1&amp;toolbar=1\" type=\"application\/pdf\" height=\"400\" width=\"600\"><\/object><iframe class=\"embed-pdf-viewer\" src=\"https:\/\/docs.google.com\/viewer?url=http%3A%2F%2Fczyste-jeziora.pl%2Fwp-content%2Fuploads%2F2020%2F01%2FNW_Wloczykije_WniosekDoRadyMiastaObornikOZweryfikowanieZagrozenUjeciaWodyV2.pdf&amp;embedded=true\" frameborder=\"0\" height=\"400\" width=\"600\"><\/iframe><\/figure>\n\n\n\n<h4 class=\"wp-block-heading\">28.10.2019 &#8211; Odpowied\u017a Przewodnicz\u0105cego Rady Miejskiej w Obornikach na wniosek stowarzyszenia NW W\u0142\u00f3czykije<\/h4>\n\n\n\n<figure class=\"wp-block-embed-pdf-viewer-embed-pdf-viewer wp-block-embed-pdf-viewer-embed-pdf-viewer__content-wrapper\"><object class=\"embed-pdf-viewer\" data=\"https:\/\/czyste-jeziora.pl\/wp-content\/uploads\/2020\/01\/OdpowiedzPrzewodniczacegoRMObornikNaWniosekNW_Wloczykije.pdf#scrollbar=1&amp;toolbar=1\" type=\"application\/pdf\" height=\"400\" width=\"600\"><\/object><iframe class=\"embed-pdf-viewer\" src=\"https:\/\/docs.google.com\/viewer?url=http%3A%2F%2Fczyste-jeziora.pl%2Fwp-content%2Fuploads%2F2020%2F01%2FOdpowiedzPrzewodniczacegoRMObornikNaWniosekNW_Wloczykije.pdf&amp;embedded=true\" frameborder=\"0\" height=\"400\" width=\"600\"><\/iframe><\/figure>\n\n\n\n<h4 class=\"wp-block-heading\">Rozporz\u0105dzenie Ministra Zdrowia w sprawie jako\u015bci wody przeznaczonej do spo\u017cycia przez ludzi z dnia 7 grudnia 2017 r. (Dz.U. z 2017 r. poz. 2294)<\/h4>\n\n\n\n<figure class=\"wp-block-embed-pdf-viewer-embed-pdf-viewer wp-block-embed-pdf-viewer-embed-pdf-viewer__content-wrapper\"><object class=\"embed-pdf-viewer\" data=\"https:\/\/czyste-jeziora.pl\/wp-content\/uploads\/2020\/01\/RozporzadzenieMinistraZdrowia_wSprawieJakosciWodyPrzeznaczonejDoSpozyciaPrzezLudzi.pdf#scrollbar=1&amp;toolbar=1\" type=\"application\/pdf\" height=\"400\" width=\"600\"><\/object><iframe class=\"embed-pdf-viewer\" src=\"https:\/\/docs.google.com\/viewer?url=http%3A%2F%2Fczyste-jeziora.pl%2Fwp-content%2Fuploads%2F2020%2F01%2FRozporzadzenieMinistraZdrowia_wSprawieJakosciWodyPrzeznaczonejDoSpozyciaPrzezLudzi.pdf&amp;embedded=true\" frameborder=\"0\" height=\"400\" width=\"600\"><\/iframe><\/figure>\n","protected":false},"excerpt":{"rendered":"<p>19.08.2019 &#8211; Obornickie Stowarzyszenie Wodniackie APLAGA do Przedsi\u0119biorstwo Wodoci\u0105g\u00f3w i Kanalizacji w Obornikach &#8211; Wniosek o udost\u0119pnienie informacji publicznej &#8211; parametr\u00f3w dotycz\u0105cych jako\u015bci wody uj\u0119cia w Kowan\u00f3wku 06.09.2019 &#8211; Odpowied\u017a PWiK Oborniki na wniosek Stowarzyszenia APLAGA dotycz\u0105cy wynik\u00f3w bada\u0144 uj\u0119cia wody oraz rzeki We\u0142ny w latach 2011 &#8211; 2019 28.08.2019 [&hellip;]<\/p>\n","protected":false},"author":1,"featured_media":396,"parent":0,"menu_order":0,"comment_status":"closed","ping_status":"closed","template":"","meta":{"footnotes":""},"_links":{"self":[{"href":"https:\/\/czyste-jeziora.pl\/index.php?rest_route=\/wp\/v2\/pages\/103"}],"collection":[{"href":"https:\/\/czyste-jeziora.pl\/index.php?rest_route=\/wp\/v2\/pages"}],"about":[{"href":"https:\/\/czyste-jeziora.pl\/index.php?rest_route=\/wp\/v2\/types\/page"}],"author":[{"embeddable":true,"href":"https:\/\/czyste-jeziora.pl\/index.php?rest_route=\/wp\/v2\/users\/1"}],"replies":[{"embeddable":true,"href":"https:\/\/czyste-jeziora.pl\/index.php?rest_route=%2Fwp%2Fv2%2Fcomments&post=103"}],"version-history":[{"count":11,"href":"https:\/\/czyste-jeziora.pl\/index.php?rest_route=\/wp\/v2\/pages\/103\/revisions"}],"predecessor-version":[{"id":347,"href":"https:\/\/czyste-jeziora.pl\/index.php?rest_route=\/wp\/v2\/pages\/103\/revisions\/347"}],"wp:featuredmedia":[{"embeddable":true,"href":"https:\/\/czyste-jeziora.pl\/index.php?rest_route=\/wp\/v2\/media\/396"}],"wp:attachment":[{"href":"https:\/\/czyste-jeziora.pl\/index.php?rest_route=%2Fwp%2Fv2%2Fmedia&parent=103"}],"curies":[{"name":"wp","href":"https:\/\/api.w.org\/{rel}","templated":true}]}}