{"id":119,"date":"2020-01-05T18:31:32","date_gmt":"2020-01-05T17:31:32","guid":{"rendered":"http:\/\/czyste-jeziora.pl\/?page_id=119"},"modified":"2022-07-18T08:52:06","modified_gmt":"2022-07-18T06:52:06","slug":"rekultywacja-jezior-rogozno-i-budziszewskie","status":"publish","type":"page","link":"https:\/\/czyste-jeziora.pl\/?page_id=119","title":{"rendered":"Rekultywacja jezior Rogo\u017ano i Budziszewskiego"},"content":{"rendered":"\n<h4 class=\"wp-block-heading\">2017 &#8211; Uwagi cz\u0142onk\u00f3w Stowarzyszenie Jezioro Rogozi\u0144skie oraz mieszka\u0144c\u00f3w Rogo\u017ana o stanie jezior znajduj\u0105cych si\u0119 na terenie gminy Rogo\u017ano<\/h4>\n\n\n\n<figure class=\"wp-block-embed-pdf-viewer-embed-pdf-viewer wp-block-embed-pdf-viewer-embed-pdf-viewer__content-wrapper\"><object class=\"embed-pdf-viewer\" data=\"https:\/\/czyste-jeziora.pl\/wp-content\/uploads\/2020\/01\/Uwagi-SJR-dotyczace-stanu_jezior_2017.pdf#scrollbar=1&amp;toolbar=1\" type=\"application\/pdf\" width=\"600\" height=\"400\"><\/object><iframe class=\"embed-pdf-viewer\" src=\"https:\/\/docs.google.com\/viewer?url=http%3A%2F%2Fczyste-jeziora.pl%2Fwp-content%2Fuploads%2F2020%2F01%2FUwagi-SJR-dotyczace-stanu_jezior_2017.pdf&amp;embedded=true\" width=\"600\" height=\"400\" frameborder=\"0\"><\/iframe><\/figure>\n\n\n\n<h4 class=\"wp-block-heading\">09.2017 &#8211; Operat wodnoprawny na przeprowadzenie rekultywacji<\/h4>\n\n\n\n<figure class=\"wp-block-embed-pdf-viewer-embed-pdf-viewer wp-block-embed-pdf-viewer-embed-pdf-viewer__content-wrapper\"><object class=\"embed-pdf-viewer\" data=\"https:\/\/czyste-jeziora.pl\/wp-content\/uploads\/2020\/01\/RekultywacjaRogozno_OperatWodnoPrawny.pdf#scrollbar=1&amp;toolbar=1\" type=\"application\/pdf\" width=\"600\" height=\"400\"><\/object><iframe class=\"embed-pdf-viewer\" src=\"https:\/\/docs.google.com\/viewer?url=http%3A%2F%2Fczyste-jeziora.pl%2Fwp-content%2Fuploads%2F2020%2F01%2FRekultywacjaRogozno_OperatWodnoPrawny.pdf&amp;embedded=true\" width=\"600\" height=\"400\" frameborder=\"0\"><\/iframe><\/figure>\n\n\n\n<h4 class=\"wp-block-heading\">29.12.2017 &#8211; Decycja Marsza\u0142ka Wojew\u00f3dztwa na przeprowadzenie rekultywacji<\/h4>\n\n\n\n<figure class=\"wp-block-embed-pdf-viewer-embed-pdf-viewer wp-block-embed-pdf-viewer-embed-pdf-viewer__content-wrapper\"><object class=\"embed-pdf-viewer\" data=\"https:\/\/czyste-jeziora.pl\/wp-content\/uploads\/2020\/01\/RekultywacjaRogozno_DecyzjaMarszalka.pdf#scrollbar=1&amp;toolbar=1\" type=\"application\/pdf\" width=\"600\" height=\"400\"><\/object><iframe class=\"embed-pdf-viewer\" src=\"https:\/\/docs.google.com\/viewer?url=http%3A%2F%2Fczyste-jeziora.pl%2Fwp-content%2Fuploads%2F2020%2F01%2FRekultywacjaRogozno_DecyzjaMarszalka.pdf&amp;embedded=true\" width=\"600\" height=\"400\" frameborder=\"0\"><\/iframe><\/figure>\n\n\n\n<h4 class=\"wp-block-heading\">06.2018 &#8211; Monitoring jako\u015bci w\u00f3d i osad\u00f3w dennych<\/h4>\n\n\n\n<figure class=\"wp-block-embed-pdf-viewer-embed-pdf-viewer wp-block-embed-pdf-viewer-embed-pdf-viewer__content-wrapper\"><object class=\"embed-pdf-viewer\" data=\"https:\/\/czyste-jeziora.pl\/wp-content\/uploads\/2020\/01\/RekultywacjaRogozno_MonitoringWod.pdf#scrollbar=1&amp;toolbar=1\" type=\"application\/pdf\" width=\"600\" height=\"400\"><\/object><iframe class=\"embed-pdf-viewer\" src=\"https:\/\/docs.google.com\/viewer?url=http%3A%2F%2Fczyste-jeziora.pl%2Fwp-content%2Fuploads%2F2020%2F01%2FRekultywacjaRogozno_MonitoringWod.pdf&amp;embedded=true\" width=\"600\" height=\"400\" frameborder=\"0\"><\/iframe><\/figure>\n\n\n\n<h4 class=\"wp-block-heading\">25.03.2019 &#8211; Przetarg na przeprowadzenie dalszej rekultywacji Jeziora Rogo\u017ano i Jeziora Budziszewskiego po\u0142o\u017conych na terenie Gminy Rogo\u017ano w roku 2019 &#8211; Specyfikacja Istotnych Warunk\u00f3w Zam\u00f3wienia<\/h4>\n\n\n\n<figure class=\"wp-block-embed-pdf-viewer-embed-pdf-viewer wp-block-embed-pdf-viewer-embed-pdf-viewer__content-wrapper\"><object class=\"embed-pdf-viewer\" data=\"https:\/\/czyste-jeziora.pl\/wp-content\/uploads\/2020\/07\/01_Rogozno_RekultywacjaJeziorRogoznoBudziszewskie_Przetarg_SpecyfikacjaWarunkowZamowienia_25_03_2019.pdf#scrollbar=1&amp;toolbar=1\" type=\"application\/pdf\" width=\"600\" height=\"400\"><\/object><iframe class=\"embed-pdf-viewer\" src=\"https:\/\/docs.google.com\/viewer?url=https%3A%2F%2Fczyste-jeziora.pl%2Fwp-content%2Fuploads%2F2020%2F07%2F01_Rogozno_RekultywacjaJeziorRogoznoBudziszewskie_Przetarg_SpecyfikacjaWarunkowZamowienia_25_03_2019.pdf&amp;embedded=true\" width=\"600\" height=\"400\" frameborder=\"0\"><\/iframe><\/figure>\n\n\n\n<h4 class=\"wp-block-heading\">06.03.2019 &#8211; Przetarg na przeprowadzenie dalszej rekultywacji Jeziora Rogo\u017ano i Jeziora Budziszewskiego po\u0142o\u017conych na terenie Gminy Rogo\u017ano w roku 2019 &#8211; Pytania i Odpowiedzi<\/h4>\n\n\n\n<figure class=\"wp-block-embed-pdf-viewer-embed-pdf-viewer wp-block-embed-pdf-viewer-embed-pdf-viewer__content-wrapper\"><object class=\"embed-pdf-viewer\" data=\"https:\/\/czyste-jeziora.pl\/wp-content\/uploads\/2020\/07\/01_Rogozno_RekultywacjaJeziorRogoznoBudziszewskie_Przetarg_PytaniaOdpowiedzi_SIWZ_06_03_2019.pdf#scrollbar=1&amp;toolbar=1\" type=\"application\/pdf\" width=\"600\" height=\"400\"><\/object><iframe class=\"embed-pdf-viewer\" src=\"https:\/\/docs.google.com\/viewer?url=https%3A%2F%2Fczyste-jeziora.pl%2Fwp-content%2Fuploads%2F2020%2F07%2F01_Rogozno_RekultywacjaJeziorRogoznoBudziszewskie_Przetarg_PytaniaOdpowiedzi_SIWZ_06_03_2019.pdf&amp;embedded=true\" width=\"600\" height=\"400\" frameborder=\"0\"><\/iframe><\/figure>\n\n\n\n<h4 class=\"wp-block-heading\">04.2019 &#8211; Przetarg na przeprowadzenie dalszej rekultywacji Jeziora Rogo\u017ano i Jeziora Budziszewskiego po\u0142o\u017conych na terenie Gminy Rogo\u017ano w roku 2019 &#8211; Zestawienie ofert<\/h4>\n\n\n\n<figure class=\"wp-block-embed-pdf-viewer-embed-pdf-viewer wp-block-embed-pdf-viewer-embed-pdf-viewer__content-wrapper\"><object class=\"embed-pdf-viewer\" data=\"https:\/\/czyste-jeziora.pl\/wp-content\/uploads\/2020\/07\/01_Rogozno_RekultywacjaJeziorRogoznoBudziszewskie_Przetarg_ZestawienieOfert_15_04_2020.jpg#scrollbar=1&amp;toolbar=1\" type=\"application\/pdf\" width=\"600\" height=\"400\"><\/object><iframe class=\"embed-pdf-viewer\" src=\"https:\/\/docs.google.com\/viewer?url=https%3A%2F%2Fczyste-jeziora.pl%2Fwp-content%2Fuploads%2F2020%2F07%2F01_Rogozno_RekultywacjaJeziorRogoznoBudziszewskie_Przetarg_ZestawienieOfert_15_04_2020.jpg&amp;embedded=true\" width=\"600\" height=\"400\" frameborder=\"0\"><\/iframe><\/figure>\n\n\n\n<h4 class=\"wp-block-heading\">15.04.2019 &#8211; Przetarg na przeprowadzenie dalszej rekultywacji Jeziora Rogo\u017ano i Jeziora Budziszewskiego po\u0142o\u017conych na terenie Gminy Rogo\u017ano w roku 2019 &#8211; Wyb\u00f3r oferty<\/h4>\n\n\n\n<figure class=\"wp-block-embed-pdf-viewer-embed-pdf-viewer wp-block-embed-pdf-viewer-embed-pdf-viewer__content-wrapper\"><object class=\"embed-pdf-viewer\" data=\"https:\/\/czyste-jeziora.pl\/wp-content\/uploads\/2020\/07\/01_Rogozno_RekultywacjaJeziorRogoznoBudziszewskie_Przetarg_WyborOferty_15_04_2020.pdf#scrollbar=1&amp;toolbar=1\" type=\"application\/pdf\" width=\"600\" height=\"400\"><\/object><iframe class=\"embed-pdf-viewer\" src=\"https:\/\/docs.google.com\/viewer?url=https%3A%2F%2Fczyste-jeziora.pl%2Fwp-content%2Fuploads%2F2020%2F07%2F01_Rogozno_RekultywacjaJeziorRogoznoBudziszewskie_Przetarg_WyborOferty_15_04_2020.pdf&amp;embedded=true\" width=\"600\" height=\"400\" frameborder=\"0\"><\/iframe><\/figure>\n\n\n\n<h4 class=\"wp-block-heading\">03.01.2020 &#8211; SJR skierowa\u0142o do Regionalnego Wydzia\u0142u Monitoringu \u015arodowiska w Poznaniu wniosek o wyniki bada\u0144 wody rzeki We\u0142ny, Ma\u0142ej We\u0142ny oraz jezior Rogo\u017ano i Budziszewskie<\/h4>\n\n\n\n<figure class=\"wp-block-embed-pdf-viewer-embed-pdf-viewer wp-block-embed-pdf-viewer-embed-pdf-viewer__content-wrapper\"><object class=\"embed-pdf-viewer\" data=\"https:\/\/czyste-jeziora.pl\/wp-content\/uploads\/2020\/01\/ZapytanieOWynikiBadanWodyRzekiWelny_08_01_2020_V2_HQ.pdf#scrollbar=1&amp;toolbar=1\" type=\"application\/pdf\" width=\"600\" height=\"400\"><\/object><iframe class=\"embed-pdf-viewer\" src=\"https:\/\/docs.google.com\/viewer?url=http%3A%2F%2Fczyste-jeziora.pl%2Fwp-content%2Fuploads%2F2020%2F01%2FZapytanieOWynikiBadanWodyRzekiWelny_08_01_2020_V2_HQ.pdf&amp;embedded=true\" width=\"600\" height=\"400\" frameborder=\"0\"><\/iframe><\/figure>\n\n\n\n<h4 class=\"wp-block-heading\">03.02.2020 &#8211; SJR wys\u0142a\u0142o wniosek do RWM\u015a Pozna\u0144 o dodatkowe informacje w sprawie wynik\u00f3w bada\u0144 wody<\/h4>\n\n\n\n<figure class=\"wp-block-embed-pdf-viewer-embed-pdf-viewer wp-block-embed-pdf-viewer-embed-pdf-viewer__content-wrapper\"><object class=\"embed-pdf-viewer\" data=\"https:\/\/czyste-jeziora.pl\/wp-content\/uploads\/2020\/02\/SJR_do_RWMS_ZapytanieDoprecyzowanieWynikiBadanWodyRzWelnyIJezRogozno20200203.pdf#scrollbar=1&amp;toolbar=1\" type=\"application\/pdf\" width=\"600\" height=\"400\"><\/object><iframe class=\"embed-pdf-viewer\" src=\"https:\/\/docs.google.com\/viewer?url=https%3A%2F%2Fczyste-jeziora.pl%2Fwp-content%2Fuploads%2F2020%2F02%2FSJR_do_RWMS_ZapytanieDoprecyzowanieWynikiBadanWodyRzWelnyIJezRogozno20200203.pdf&amp;embedded=true\" width=\"600\" height=\"400\" frameborder=\"0\"><\/iframe><\/figure>\n\n\n\n<h4 class=\"wp-block-heading\">09.03.2021 &#8211; Zapytanie w sprawie rekultywacji jeziora Budziszewskiego i Rogo\u017ano<\/h4>\n\n\n<iframe class=\"embed-pdf-viewer\" src=\"https:\/\/czyste-jeziora.pl\/wp-content\/uploads\/2021\/03\/WniosekDoBurmistrzaRogozna_o_Inf_o_Srod_WsprRekultywacjiJezior_09_03_2021.pdf\" height=\"600\" width=\"800\" title=\"WniosekDoBurmistrzaRogozna_o_Inf_o_Srod_WsprRekultywacjiJezior_09_03_2021\"><\/iframe>\n\n\n<h4 class=\"has-text-align-center wp-block-heading\">22.09.2021 &#8211; Ponaglenie do SKO za po\u015brednictwem Burmistrza Rogo\u017ana<\/h4>\n\n\n<iframe class=\"embed-pdf-viewer\" src=\"https:\/\/czyste-jeziora.pl\/wp-content\/uploads\/2021\/12\/Ponaglenie_Do_SKO_ZaPosrednictwem_BurmistrzaRogozna_22_09_2021.pdf\" height=\"600\" width=\"800\" title=\"Ponaglenie_Do_SKO_ZaPosrednictwem_BurmistrzaRogozna_22_09_2021\"><\/iframe>\n\n\n<h4 class=\"has-text-align-center wp-block-heading\">23.12.2021 &#8211; Odpowied\u017a w sprawie rekultywacji jeziora Budziszewskiego i Rogo\u017ano<\/h4>\n\n\n<iframe class=\"embed-pdf-viewer\" src=\"https:\/\/czyste-jeziora.pl\/wp-content\/uploads\/2021\/12\/OdpowiedzBurmistrzaRogozna_o_Inf_o_Srod_WsprRekultywacjiJezior_27_12_2021.pdf\" height=\"600\" width=\"800\" title=\"OdpowiedzBurmistrzaRogozna_o_Inf_o_Srod_WsprRekultywacjiJezior_27_12_2021\"><\/iframe>\n\n\n<h4 class=\"wp-block-heading\">2019 &#8211; Monitoring jako\u015bci w\u00f3d i osad\u00f3w dennych jeziora Rogo\u017ano i jeziora Budziszewskiego \u017ar\u00f3d\u0142o: <a href=\"https:\/\/rogozno.pl\/\">rogozno.pl<\/a><\/h4>\n\n\n<iframe class=\"embed-pdf-viewer\" src=\"https:\/\/czyste-jeziora.pl\/wp-content\/uploads\/2021\/12\/MonitoringJakosciWodIOsadowDennychJezioraRogoznoIJezioraBudziszewskiego.pdf\" height=\"600\" width=\"800\" title=\"MonitoringJakosciWodIOsadowDennychJezioraRogoznoIJezioraBudziszewskiego\"><\/iframe>\n\n\n<h2 class=\"wp-block-heading\">03.01.2022 &#8211; List otwarty w sprawie udzielenia odpowiedzi mieszka\u0144cowi Gminy Rogo\u017ano, panu Przemys\u0142awowi Benz, przez Burmistrza Rogo\u017ana na temat rekultywacji Jezior Rogo\u017ano i Budziszewskiego.<\/h2>\n\n\n<iframe class=\"embed-pdf-viewer\" src=\"https:\/\/czyste-jeziora.pl\/wp-content\/uploads\/2022\/01\/ListOtwartySJR_RekultywacjaJeziorRogoznoBudziszewskie_03_01_2021.pdf\" height=\"600\" width=\"800\" title=\"ListOtwartySJR_RekultywacjaJeziorRogoznoBudziszewskie_03_01_2021\"><\/iframe>","protected":false},"excerpt":{"rendered":"<p>2017 &#8211; Uwagi cz\u0142onk\u00f3w Stowarzyszenie Jezioro Rogozi\u0144skie oraz mieszka\u0144c\u00f3w Rogo\u017ana o stanie jezior znajduj\u0105cych si\u0119 na terenie gminy Rogo\u017ano 09.2017 &#8211; Operat wodnoprawny na przeprowadzenie rekultywacji 29.12.2017 &#8211; Decycja Marsza\u0142ka Wojew\u00f3dztwa na przeprowadzenie rekultywacji 06.2018 &#8211; Monitoring jako\u015bci w\u00f3d i osad\u00f3w dennych 25.03.2019 &#8211; Przetarg na przeprowadzenie dalszej rekultywacji Jeziora [&hellip;]<\/p>\n","protected":false},"author":1,"featured_media":391,"parent":0,"menu_order":0,"comment_status":"closed","ping_status":"closed","template":"","meta":{"footnotes":""},"_links":{"self":[{"href":"https:\/\/czyste-jeziora.pl\/index.php?rest_route=\/wp\/v2\/pages\/119"}],"collection":[{"href":"https:\/\/czyste-jeziora.pl\/index.php?rest_route=\/wp\/v2\/pages"}],"about":[{"href":"https:\/\/czyste-jeziora.pl\/index.php?rest_route=\/wp\/v2\/types\/page"}],"author":[{"embeddable":true,"href":"https:\/\/czyste-jeziora.pl\/index.php?rest_route=\/wp\/v2\/users\/1"}],"replies":[{"embeddable":true,"href":"https:\/\/czyste-jeziora.pl\/index.php?rest_route=%2Fwp%2Fv2%2Fcomments&post=119"}],"version-history":[{"count":11,"href":"https:\/\/czyste-jeziora.pl\/index.php?rest_route=\/wp\/v2\/pages\/119\/revisions"}],"predecessor-version":[{"id":2057,"href":"https:\/\/czyste-jeziora.pl\/index.php?rest_route=\/wp\/v2\/pages\/119\/revisions\/2057"}],"wp:featuredmedia":[{"embeddable":true,"href":"https:\/\/czyste-jeziora.pl\/index.php?rest_route=\/wp\/v2\/media\/391"}],"wp:attachment":[{"href":"https:\/\/czyste-jeziora.pl\/index.php?rest_route=%2Fwp%2Fv2%2Fmedia&parent=119"}],"curies":[{"name":"wp","href":"https:\/\/api.w.org\/{rel}","templated":true}]}}