{"id":1273,"date":"2021-01-20T06:55:55","date_gmt":"2021-01-20T05:55:55","guid":{"rendered":"https:\/\/czyste-jeziora.pl\/?page_id=1273"},"modified":"2021-01-20T06:55:56","modified_gmt":"2021-01-20T05:55:56","slug":"2013-analiza-stanu-hydromorfologicznego-rzeki-flinty","status":"publish","type":"page","link":"https:\/\/czyste-jeziora.pl\/?page_id=1273","title":{"rendered":"2013 &#8211; Analiza stanu hydromorfologicznego rzeki Flinty"},"content":{"rendered":"\n<p>Celem niniejszej analizy jest ustalenie przyczyn podtopie\u0144 teren\u00f3w przylegaj\u0105cych do koryta rzeki Flinty oraz wskazanie kierunk\u00f3w dalszego zagospodarowania rzeki Flinty zmierzaj\u0105cych do renaturyzacji rzeki w odcinku dolnym przep\u0142ywaj\u0105cym przez tereny le\u015bne<\/p>\n\n\n\n<p>Podstaw\u0105 opracowania pn.: \u201dAnaliza stanu hydromorfologicznego rzeki Flinty wraz z praktycznymi wskaz\u00f3wkami dla gospodarowania zasobami wodnymi w dolnym odcinku zlewni\u201d jest umowa numer W\/34\/2013\/K z dnia 31.06.2013r.,zawarta pomi\u0119dzy Skarbem Pa\u0144stwa Pa\u0144stwowym Gospodarstwem Le\u015bnym \u2013 Lasy Pa\u0144stwowe Nadle\u015bnictwa Oborniki z siedzib\u0105 w D\u0105br\u00f3wce Le\u015bnej ul.Gajowa 1, 64-600 Oborniki Wlkp.<\/p>\n\n\n\n<h4 class=\"wp-block-heading\">Analiza stanu hydromorfologicznego rzeki Flinty wraz z praktycznymi wskaz\u00f3wkami dla gospodarowania zasobami wodnymi w dolnym odcinku zlewni<\/h4>\n\n\n\n<figure class=\"wp-block-embed-pdf-viewer-embed-pdf-viewer wp-block-embed-pdf-viewer-embed-pdf-viewer__content-wrapper\"><object class=\"embed-pdf-viewer\" data=\"https:\/\/czyste-jeziora.pl\/wp-content\/uploads\/2021\/01\/AnalizaStanuHydromorfologicznegoRzekiFlinty_MEL_KAN_2013r_Dokument.pdf#scrollbar=1&amp;toolbar=1\" type=\"application\/pdf\" height=\"800\" width=\"600\"><\/object><iframe class=\"embed-pdf-viewer\" src=\"https:\/\/docs.google.com\/viewer?url=https%3A%2F%2Fczyste-jeziora.pl%2Fwp-content%2Fuploads%2F2021%2F01%2FAnalizaStanuHydromorfologicznegoRzekiFlinty_MEL_KAN_2013r_Dokument.pdf&amp;embedded=true\" frameborder=\"0\" height=\"800\" width=\"600\"><\/iframe><\/figure>\n\n\n\n<h4 class=\"wp-block-heading\">Mapa pogl\u0105dowa<\/h4>\n\n\n\n<figure class=\"wp-block-embed-pdf-viewer-embed-pdf-viewer wp-block-embed-pdf-viewer-embed-pdf-viewer__content-wrapper\"><object class=\"embed-pdf-viewer\" data=\"https:\/\/czyste-jeziora.pl\/wp-content\/uploads\/2021\/01\/AnalizaStanuHydromorfologicznegoRzekiFlinty_MEL_KAN_2013r_MapaPogladowa.pdf#scrollbar=1&amp;toolbar=1\" type=\"application\/pdf\" height=\"800\" width=\"600\"><\/object><iframe class=\"embed-pdf-viewer\" src=\"https:\/\/docs.google.com\/viewer?url=https%3A%2F%2Fczyste-jeziora.pl%2Fwp-content%2Fuploads%2F2021%2F01%2FAnalizaStanuHydromorfologicznegoRzekiFlinty_MEL_KAN_2013r_MapaPogladowa.pdf&amp;embedded=true\" frameborder=\"0\" height=\"800\" width=\"600\"><\/iframe><\/figure>\n\n\n\n<h4 class=\"wp-block-heading\">Dokumentacja zdj\u0119ciowa budowli na odcinku rzeki Flinty od km 0+000 do km 18+100<\/h4>\n\n\n\n<figure class=\"wp-block-embed-pdf-viewer-embed-pdf-viewer wp-block-embed-pdf-viewer-embed-pdf-viewer__content-wrapper\"><object class=\"embed-pdf-viewer\" data=\"https:\/\/czyste-jeziora.pl\/wp-content\/uploads\/2021\/01\/AnalizaStanuHydromorfologicznegoRzekiFlinty_MEL_KAN_2013r_ZdjeciaBudowli.pdf#scrollbar=1&amp;toolbar=1\" type=\"application\/pdf\" height=\"800\" width=\"600\"><\/object><iframe class=\"embed-pdf-viewer\" src=\"https:\/\/docs.google.com\/viewer?url=https%3A%2F%2Fczyste-jeziora.pl%2Fwp-content%2Fuploads%2F2021%2F01%2FAnalizaStanuHydromorfologicznegoRzekiFlinty_MEL_KAN_2013r_ZdjeciaBudowli.pdf&amp;embedded=true\" frameborder=\"0\" height=\"800\" width=\"600\"><\/iframe><\/figure>\n","protected":false},"excerpt":{"rendered":"<p>Celem niniejszej analizy jest ustalenie przyczyn podtopie\u0144 teren\u00f3w przylegaj\u0105cych do koryta rzeki Flinty oraz wskazanie kierunk\u00f3w dalszego zagospodarowania rzeki Flinty zmierzaj\u0105cych do renaturyzacji rzeki w odcinku dolnym przep\u0142ywaj\u0105cym przez tereny le\u015bne Podstaw\u0105 opracowania pn.: \u201dAnaliza stanu hydromorfologicznego rzeki Flinty wraz z praktycznymi wskaz\u00f3wkami dla gospodarowania zasobami wodnymi w dolnym odcinku [&hellip;]<\/p>\n","protected":false},"author":1,"featured_media":1278,"parent":404,"menu_order":0,"comment_status":"closed","ping_status":"closed","template":"","meta":{"footnotes":""},"_links":{"self":[{"href":"https:\/\/czyste-jeziora.pl\/index.php?rest_route=\/wp\/v2\/pages\/1273"}],"collection":[{"href":"https:\/\/czyste-jeziora.pl\/index.php?rest_route=\/wp\/v2\/pages"}],"about":[{"href":"https:\/\/czyste-jeziora.pl\/index.php?rest_route=\/wp\/v2\/types\/page"}],"author":[{"embeddable":true,"href":"https:\/\/czyste-jeziora.pl\/index.php?rest_route=\/wp\/v2\/users\/1"}],"replies":[{"embeddable":true,"href":"https:\/\/czyste-jeziora.pl\/index.php?rest_route=%2Fwp%2Fv2%2Fcomments&post=1273"}],"version-history":[{"count":1,"href":"https:\/\/czyste-jeziora.pl\/index.php?rest_route=\/wp\/v2\/pages\/1273\/revisions"}],"predecessor-version":[{"id":1279,"href":"https:\/\/czyste-jeziora.pl\/index.php?rest_route=\/wp\/v2\/pages\/1273\/revisions\/1279"}],"up":[{"embeddable":true,"href":"https:\/\/czyste-jeziora.pl\/index.php?rest_route=\/wp\/v2\/pages\/404"}],"wp:featuredmedia":[{"embeddable":true,"href":"https:\/\/czyste-jeziora.pl\/index.php?rest_route=\/wp\/v2\/media\/1278"}],"wp:attachment":[{"href":"https:\/\/czyste-jeziora.pl\/index.php?rest_route=%2Fwp%2Fv2%2Fmedia&parent=1273"}],"curies":[{"name":"wp","href":"https:\/\/api.w.org\/{rel}","templated":true}]}}