{"id":225,"date":"2020-01-08T12:49:46","date_gmt":"2020-01-08T11:49:46","guid":{"rendered":"http:\/\/czyste-jeziora.pl\/?page_id=225"},"modified":"2021-08-30T22:07:11","modified_gmt":"2021-08-30T20:07:11","slug":"jezioro-jelonek-gniezno","status":"publish","type":"page","link":"https:\/\/czyste-jeziora.pl\/?page_id=225","title":{"rendered":"Jezioro Jelonek &#8211; Gniezno"},"content":{"rendered":"\n<h4 class=\"wp-block-heading\">2009-2010 &#8211; Rekultywacja Jezior Jelonek i Winiary w Gnie\u017anie metod\u0105 inaktywacji fosforu w osadach dennych<\/h4>\n\n\n\n<p>Projekt nr LIFE07 ENV\/PL\/000605 zrealizowany w ramach Instrumentu Finansowego LIFE+ (edycja 2007) Komponent II \u201ePolityka i zarz\u0105dzanie w zakresie \u015brodowiska\u201d<\/p>\n\n\n\n<p>Ca\u0142kowity koszt projektu: 431 861,00 \u20ac <br>\nDofinansowanie: 215 930,50 \u20ac (50% koszt\u00f3w ca\u0142kowitych)<\/p>\n\n\n\n<figure class=\"wp-block-embed-pdf-viewer-embed-pdf-viewer wp-block-embed-pdf-viewer-embed-pdf-viewer__content-wrapper\"><object class=\"embed-pdf-viewer\" data=\"https:\/\/czyste-jeziora.pl\/wp-content\/uploads\/2020\/01\/RekultywacjaJeziorJelonek_i_Winiary_2009_2010_Projekt_LIFE.pdf#scrollbar=1&amp;toolbar=1\" type=\"application\/pdf\" width=\"600\" height=\"400\"><\/object><iframe class=\"embed-pdf-viewer\" src=\"https:\/\/docs.google.com\/viewer?url=http%3A%2F%2Fczyste-jeziora.pl%2Fwp-content%2Fuploads%2F2020%2F01%2FRekultywacjaJeziorJelonek_i_Winiary_2009_2010_Projekt_LIFE.pdf&amp;embedded=true\" width=\"600\" height=\"400\" frameborder=\"0\"><\/iframe><\/figure>\n\n\n\n<h4 class=\"wp-block-heading\">2013 &#8211; Skuteczno\u015b\u0107 rekultywacji jeziora Jelonek  na podstawie wybranych fizycznych i chemicznych parametr\u00f3w wody<\/h4>\n\n\n\n<figure class=\"wp-block-embed-pdf-viewer-embed-pdf-viewer wp-block-embed-pdf-viewer-embed-pdf-viewer__content-wrapper\"><object class=\"embed-pdf-viewer\" data=\"https:\/\/czyste-jeziora.pl\/wp-content\/uploads\/2020\/01\/SkutecznoscRekultywacjiJezioraJelonek_2013r.pdf#scrollbar=1&amp;toolbar=1\" type=\"application\/pdf\" width=\"600\" height=\"400\"><\/object><iframe class=\"embed-pdf-viewer\" src=\"https:\/\/docs.google.com\/viewer?url=http%3A%2F%2Fczyste-jeziora.pl%2Fwp-content%2Fuploads%2F2020%2F01%2FSkutecznoscRekultywacjiJezioraJelonek_2013r.pdf&amp;embedded=true\" width=\"600\" height=\"400\" frameborder=\"0\"><\/iframe><\/figure>\n\n\n\n<p>We wnioskach ko\u0144cowych powy\u017cszego opracowania mo\u017cemy przeczyta\u0107:<\/p>\n\n\n\n<ul><li>Zabiegi prowadzone na jeziorze Jelonek nie przynios\u0142y spodziewanej poprawy wody pod wzgl\u0119dem zawarto\u015bci azotu og\u00f3lnego, azotan\u00f3w i fosforan\u00f3w.<\/li><li>Ponadnormatywna  zawarto\u015b\u0107  powy\u017cszych  substancji  mo\u017ce  mie\u0107 zwi\u0105zek z  niew\u0142a\u015bciwym  zabezpieczeniem  zbiornika  przed  dop\u0142ywem substancji po\u017cywkowych, w zwi\u0105zku z czym nale\u017ca\u0142oby ponownie zrewidowa\u0107 potencjalne \u017ar\u00f3d\u0142a zanieczyszcze\u0144<\/li><\/ul>\n\n\n\n<h4 class=\"wp-block-heading\">13.07.2014 &#8211; Jezioro pe\u0142ne martwych ryb. Katastrofa ekologiczna w Gnie\u017anie (<a href=\"https:\/\/tvn24.pl\/jezioro-pelne-martwych-ryb-katastrofa-ekologiczna-w-gnieznie,449324,s.html?h=1bba\">http:\/\/www.tvn24.pl<\/a>)<\/h4>\n\n\n\n<iframe src=\"https:\/\/www.youtube.com\/embed\/dKSQMqrwuqw\" allow=\"accelerometer; autoplay; encrypted-media; gyroscope; picture-in-picture\" allowfullscreen=\"\" width=\"1134\" height=\"632\" frameborder=\"0\"><\/iframe>\n\n\n\n<h4 class=\"wp-block-heading\"> 08.04.2016 &#8211;  Rusza \u201eEksperyment Jelonek\u201d, \u0179r\u00f3d\u0142o: <a href=\"https:\/\/gniezno24.com\/gospodarka\/item\/6884-rusza-eksperyment-jelonek\">www.gniezno24.com<\/a> <\/h4>\n\n\n\n<figure class=\"wp-block-image size-large\"><a href=\"https:\/\/gniezno24.com\/gospodarka\/item\/6884-rusza-eksperyment-jelonek\"><img fetchpriority=\"high\" decoding=\"async\" width=\"640\" height=\"360\" src=\"https:\/\/czyste-jeziora.pl\/wp-content\/uploads\/2020\/01\/RuszaEksperymentJelonek_2016_04_08.jpg\" alt=\"\" class=\"wp-image-454\" srcset=\"https:\/\/czyste-jeziora.pl\/wp-content\/uploads\/2020\/01\/RuszaEksperymentJelonek_2016_04_08.jpg 640w, https:\/\/czyste-jeziora.pl\/wp-content\/uploads\/2020\/01\/RuszaEksperymentJelonek_2016_04_08-300x169.jpg 300w\" sizes=\"(max-width: 640px) 100vw, 640px\" \/><\/a><figcaption> fot. Rafa\u0142 Wichniewicz <\/figcaption><\/figure>\n\n\n\n<p>\n\tW najbli\u017cszym czasie w pobli\u017cu popularnej &#8222;Wenecji&#8221; pojawi\u0105 si\u0119 nowe \ninstalacje, kt\u00f3re maj\u0105 zacz\u0105\u0107 zabezpiecza\u0107 akwen przed jego dalszym \nzanieczyszczaniem.<\/p>\n\n\n\n<p> Specjali\u015bci m\u00f3wi\u0105 wprost &#8211;<strong> to jezioro w centrum Gniezna umiera i trzeba je ratowa\u0107 wszelkimi sposobami<\/strong>.  Jak informowali\u015bmy niedawno, tematem zainteresowali si\u0119 naukowcy z  r\u00f3\u017cnych plac\u00f3wek i instytucji, a sam akwen ma sta\u0107 si\u0119 miejscem  testowania nowego sposobu oczyszczania w\u00f3d. W miniony czwartek 7  kwietnia przedstawiono spos\u00f3b, dzi\u0119ki kt\u00f3remu docelowo wody wp\u0142ywaj\u0105ce  do jeziora ze Strugi Gnie\u017anie\u0144skiej, maj\u0105 by\u0107 filtrowane <a href=\"https:\/\/gniezno24.com\/gospodarka\/item\/6884-rusza-eksperyment-jelonek\">naturalnymi  sposobami&#8230;.<\/a><\/p>\n\n\n\n<h4 class=\"wp-block-heading\">2016 &#8211; Wyniki funkcjonowania systemu sedymentacyjno-biofiltracyjnego zlokalizowanego na Strudze Gnie\u017anie\u0144skiej w kontek\u015bcie ochrony jeziora Jelonek przed dop\u0142ywem zanieczyszcze\u0144, Badania wykonane w ramach projektu GEKON <\/h4>\n\n\n\n<figure class=\"wp-block-embed-pdf-viewer-embed-pdf-viewer wp-block-embed-pdf-viewer-embed-pdf-viewer__content-wrapper\"><object class=\"embed-pdf-viewer\" data=\"https:\/\/czyste-jeziora.pl\/wp-content\/uploads\/2020\/01\/GnieznoJezioroJelonekProjektGEKON_2016_SystemSedymentacyjnoBiofiltracyjnegoNaStrudzeGnieznienskiej.pdf#scrollbar=1&amp;toolbar=1\" type=\"application\/pdf\" width=\"600\" height=\"400\"><\/object><iframe class=\"embed-pdf-viewer\" src=\"https:\/\/docs.google.com\/viewer?url=http%3A%2F%2Fczyste-jeziora.pl%2Fwp-content%2Fuploads%2F2020%2F01%2FGnieznoJezioroJelonekProjektGEKON_2016_SystemSedymentacyjnoBiofiltracyjnegoNaStrudzeGnieznienskiej.pdf&amp;embedded=true\" width=\"600\" height=\"400\" frameborder=\"0\"><\/iframe><\/figure>\n\n\n\n<h4 class=\"wp-block-heading\">2017 &#8211; RAPORT KO\u0143COWY z realizacji Fazy B+R projektu  w ramach Programu Gekon &#8211; Generator Koncepcji Ekologicznych<\/h4>\n\n\n\n<p>Opracowanie i wdro\u017cenie metody rekultywacji jezior i ochrony w\u00f3d powierzchniowych w oparciu o naturalne technologie biologiczne wykorzystuj\u0105ce po\u017cyteczne mikroorganizmy <\/p>\n\n\n\n<figure class=\"wp-block-embed-pdf-viewer-embed-pdf-viewer wp-block-embed-pdf-viewer-embed-pdf-viewer__content-wrapper\"><object class=\"embed-pdf-viewer\" data=\"https:\/\/czyste-jeziora.pl\/wp-content\/uploads\/2020\/01\/JelonekGniezno_2017_RaportKoncowy_z_realizacji_Fazy_B_R_projektu_w-ramach_Programu_Gekon.pdf#scrollbar=1&amp;toolbar=1\" type=\"application\/pdf\" width=\"600\" height=\"400\"><\/object><iframe class=\"embed-pdf-viewer\" src=\"https:\/\/docs.google.com\/viewer?url=http%3A%2F%2Fczyste-jeziora.pl%2Fwp-content%2Fuploads%2F2020%2F01%2FJelonekGniezno_2017_RaportKoncowy_z_realizacji_Fazy_B_R_projektu_w-ramach_Programu_Gekon.pdf&amp;embedded=true\" width=\"600\" height=\"400\" frameborder=\"0\"><\/iframe><\/figure>\n\n\n\n<h4 class=\"wp-block-heading\">25.05.2017 &#8211;  Wyniki eksperymentu biologicznego na Jeziorze Jelonek s\u0105 bardzo dobre, Rafa\u0142 Wichniewicz, \u0179r\u00f3d\u0142o: <a href=\"https:\/\/www.gniezno24.com\/gospodarka\/item\/10913-eksperyment-jelonek-wyniki\">www.gniezno24.com<\/a><\/h4>\n\n\n\n<figure class=\"wp-block-image size-large\"><a href=\"https:\/\/www.gniezno24.com\/gospodarka\/item\/10913-eksperyment-jelonek-wyniki\"><img decoding=\"async\" width=\"640\" height=\"360\" src=\"https:\/\/czyste-jeziora.pl\/wp-content\/uploads\/2020\/01\/WynikiEksperymentuBiologicznegoNaJeziorzeJelonekSaBardzoDobre2017_05_25r.jpg\" alt=\"\" class=\"wp-image-455\" srcset=\"https:\/\/czyste-jeziora.pl\/wp-content\/uploads\/2020\/01\/WynikiEksperymentuBiologicznegoNaJeziorzeJelonekSaBardzoDobre2017_05_25r.jpg 640w, https:\/\/czyste-jeziora.pl\/wp-content\/uploads\/2020\/01\/WynikiEksperymentuBiologicznegoNaJeziorzeJelonekSaBardzoDobre2017_05_25r-300x169.jpg 300w\" sizes=\"(max-width: 640px) 100vw, 640px\" \/><\/a><\/figure>\n\n\n\n<p>\n\t<em>Gdyby te dzia\u0142ania podj\u0119to 20 lat temu, dzisiaj sytuacja wodna popularnej &#8222;Wenecji&#8221; by\u0142aby zupe\u0142nie inna &#8211; <\/em>tak\n w skr\u00f3cie mo\u017cna podsumowa\u0107 konferencj\u0119, w trakcie kt\u00f3rej poinformowano o\n wynikach projektu, kt\u00f3ry by\u0142 realizowany na tytu\u0142owym akwenie.<\/p>\n\n\n\n<p>\n\tCa\u0142e przedsi\u0119wzi\u0119cie, trwaj\u0105ce od lutego do grudnia 2016 roku, odbywa\u0142o\n si\u0119 w ramach programu GEKON, kt\u00f3ry by\u0142 realizowany przez firm\u0119 \nMikronatura \u015arodowisko: <em><strong>&#8211; W ubieg\u0142ym roku od lutego do \ngrudnia realizowali\u015bmy program badawczy pt. System \nsedymentacyjno-biofiltracyjny na dop\u0142ywie do jeziora. Stworzyli\u015bmy taki \nsystem, kt\u00f3rego celem by\u0142o odci\u0119cie wszystkiego z\u0142ego, co p\u0142ynie do \njeziora i co jest jedn\u0105 z g\u0142\u00f3wnych przyczyn pogarszania stanu w\u00f3d. Na \npodstawie do\u015bwiadcze\u0144 wcze\u015bniejszych wiemy, \u017ce p\u00f3ki tego typu dop\u0142ywy \nnie zostan\u0105 zneutralizowane, p\u00f3ty dalsza rekultywacja tych zbiornik\u00f3w \njest chwilowa, a wi\u0119c jest moment poprawy, ale po chwili biogeny \nwp\u0142ywaj\u0105 z powrotem. Ten program w ci\u0105gu roku realizacji okaza\u0142 si\u0119 \nsukcesem i wszystkie cele zosta\u0142y zrealizowane. Dzi\u0119ki temu mamy gotowy,\n wypracowany system, kt\u00f3ry mo\u017cemy stosowa\u0107 na dop\u0142ywach do innych \njezior. Jest to nasz autorski pomys\u0142, kt\u00f3ry ca\u0142kowicie si\u0119 sprawdzi\u0142 i z\n tego miejsca nale\u017cy podzi\u0119kowa\u0107 w\u0142adzom miasta za otwarcie na to \nprzedsi\u0119wzi\u0119cie &#8211; <\/strong><\/em>m\u00f3wi\u0142 W\u0142odzimierz \u017bele\u017anik, prezes \nzarz\u0105du firmy Mikronatura \u015arodowisko. Ca\u0142y program realizowany na \nterenie Gniezna kosztowa\u0142 prawie 1 mln z\u0142otych i zosta\u0142 w ca\u0142o\u015bci \nsfinansowany ze \u015brodk\u00f3w firmy oraz Narodowego Funduszu Ochrony \n\u015arodowiska i Gospodarki Wodnej oraz Narodowego Centrum Bada\u0144 i Rozwoju.<\/p>\n\n\n\n<figure class=\"wp-block-image size-large\"><img decoding=\"async\" width=\"900\" height=\"601\" src=\"https:\/\/czyste-jeziora.pl\/wp-content\/uploads\/2020\/01\/WynikiEksperymentuBiologicznegoNaJeziorzeJelonekSaBardzoDobre2017_05_25r2.jpg\" alt=\"\" class=\"wp-image-456\" srcset=\"https:\/\/czyste-jeziora.pl\/wp-content\/uploads\/2020\/01\/WynikiEksperymentuBiologicznegoNaJeziorzeJelonekSaBardzoDobre2017_05_25r2.jpg 900w, https:\/\/czyste-jeziora.pl\/wp-content\/uploads\/2020\/01\/WynikiEksperymentuBiologicznegoNaJeziorzeJelonekSaBardzoDobre2017_05_25r2-300x200.jpg 300w, https:\/\/czyste-jeziora.pl\/wp-content\/uploads\/2020\/01\/WynikiEksperymentuBiologicznegoNaJeziorzeJelonekSaBardzoDobre2017_05_25r2-768x513.jpg 768w, https:\/\/czyste-jeziora.pl\/wp-content\/uploads\/2020\/01\/WynikiEksperymentuBiologicznegoNaJeziorzeJelonekSaBardzoDobre2017_05_25r2-360x240.jpg 360w\" sizes=\"(max-width: 900px) 100vw, 900px\" \/><\/figure>\n\n\n\n<p> Przypomnijmy i\u017c przed rokiem, na pocz\u0105tku eksperymentu, poinformowano o  wst\u0119pnych wynikach bada\u0144 Jeziora Jelonek. W\u00f3wczas okaza\u0142o si\u0119 i\u017c zosta\u0142y  w nich wielokrotnie przekroczone normy r\u00f3\u017cnych zwi\u0105zk\u00f3w chemicznych &#8211;  jest to efekt dzia\u0142alno\u015bci garbarni w po\u0142udniowej cz\u0119\u015bci Gniezna, kt\u00f3ra  kilka dekad temu doprowadzi\u0142a do ska\u017cenia \u015brodowiska. Wraz z inauguracj\u0105  projektu, w okresie wiosny 2017 roku rozpocz\u0119\u0142a si\u0119 budowa ca\u0142ej  niezb\u0119dnej infrastruktury na terenie po\u0142o\u017conym pomi\u0119dzy ul. Dalkosk\u0105 a  Jeziorem Jelonek. W tym rejonie znajduje si\u0119 Struga Gnie\u017anie\u0144ska,  przep\u0142ywaj\u0105ca przez du\u017cy staw. Koryto rzeki zosta\u0142o skierowane w stron\u0119  zbiornika wodnego, na kt\u00f3rym to zainstalowano filtry i czynne pod\u0142o\u017ca,  na kt\u00f3re sk\u0142ada\u0142y si\u0119 tak\u017ce ro\u015bliny oczyszczaj\u0105ce wod\u0119. Druga sekcja  naturalnych filtr\u00f3w znalaz\u0142a si\u0119 na strudze przy mostku. Jednocze\u015bnie  rozpocz\u0119to badania stanu wody, prowadzone na dop\u0142ywie i odp\u0142ywie. <\/p>\n\n\n\n<figure class=\"wp-block-image size-large\"><img loading=\"lazy\" decoding=\"async\" width=\"900\" height=\"601\" src=\"https:\/\/czyste-jeziora.pl\/wp-content\/uploads\/2020\/01\/WynikiEksperymentuBiologicznegoNaJeziorzeJelonekSaBardzoDobre2017_05_25r3.jpg\" alt=\"\" class=\"wp-image-457\" srcset=\"https:\/\/czyste-jeziora.pl\/wp-content\/uploads\/2020\/01\/WynikiEksperymentuBiologicznegoNaJeziorzeJelonekSaBardzoDobre2017_05_25r3.jpg 900w, https:\/\/czyste-jeziora.pl\/wp-content\/uploads\/2020\/01\/WynikiEksperymentuBiologicznegoNaJeziorzeJelonekSaBardzoDobre2017_05_25r3-300x200.jpg 300w, https:\/\/czyste-jeziora.pl\/wp-content\/uploads\/2020\/01\/WynikiEksperymentuBiologicznegoNaJeziorzeJelonekSaBardzoDobre2017_05_25r3-768x513.jpg 768w, https:\/\/czyste-jeziora.pl\/wp-content\/uploads\/2020\/01\/WynikiEksperymentuBiologicznegoNaJeziorzeJelonekSaBardzoDobre2017_05_25r3-360x240.jpg 360w\" sizes=\"(max-width: 900px) 100vw, 900px\" \/><\/figure>\n\n\n\n<p>Wyniki bada\u0144 z pocz\u0105tku projektu oraz po kilku miesi\u0105cach przedstawi\u0142 dr Jerzy Kupiec. <strong>Jak\n wynika z danych, nast\u0105pi\u0142a znacz\u0105ca redukcja zanieczyszcze\u0144 &#8211; w okresie\n od lipca do listopada np. azot azotanowy spad\u0142 o 73%, a fosforany o \n52%. Nast\u0105pi\u0142a tak\u017ce redukcja zanieczyszcze\u0144 biologicznych w okresie \nlipca i sierpnia &#8211; wyst\u0119powanie bakterii z grupy Coli i Escherichia Coli\n spad\u0142o kolejno o 46% i 43%. <\/strong>Mniej w wodzie jest tak\u017ce \nfitoplanktonu (o 30%), kt\u00f3ry odpowiedzialny jest za powstawanie sinic, \nczy b\u0119d\u0105ce czynnikiem sprzyjaj\u0105cym powstawaniu przyduch. <em><strong>&#8211; \nZaraz za systemem mieli\u015bmy bardzo du\u017cy udzia\u0142 bardzo u\u017cytecznych \norganizm\u00f3w, takich jak promieniowce czy grzyby, a wi\u0119c poprawa pojawi\u0142a \nsi\u0119 tak\u017ce w kwestii bior\u00f3\u017cnorodno\u015bci &#8211;<\/strong><\/em> przyzna\u0142 dr Jerzy Kupiec i jak doda\u0142, poprawi\u0142o si\u0119 tak\u017ce natlenienie w\u00f3d:<em><strong> &#8211; My\u015bl\u0119, \u017ce ten projekt zako\u0144czy\u0142 si\u0119 absolutnym sukcesem &#8211; <\/strong><\/em>stwierdzi\u0142.<\/p>\n\n\n\n<p>\n\tWiceprezydent Jaros\u0142aw Grobelny doda\u0142:<em><strong> &#8211; Te urz\u0105dzenia, \nkt\u00f3re s\u0105 obecnie na jeziorze, po zrealizowaniu projektu Miasto Gniezno \nodkupi ten system \u0142\u0105cznie z zainwestowaniem tak\u017ce w wymian\u0119 tych \nelement\u00f3w, kt\u00f3re si\u0119 zu\u017cywaj\u0105. To jest dopiero pierwszy krok do \nrekultywacji jeziora, bo dzi\u0119ki temu zatrzymali\u015bmy dop\u0142yw tych \nniekorzystnych substancji, kt\u00f3re maj\u0105 wp\u0142yw na funkcjonowanie akwenu. \nCa\u0142y czas jednak pozostaje otwarta kwestia rekultywacji samego jeziora. \nSzkoda, \u017ce projekt nie zosta\u0142 zrealizowany z 20 lat temu, bo dzisiaj te \nwody mia\u0142yby inn\u0105 jako\u015b\u0107 &#8211;<\/strong><\/em> stwierdzi\u0142 zast\u0119pca prezydenta.<\/p>\n\n\n\n<p>\n\tJak doda\u0142, w tym roku Miasto Gniezno wnioskowa\u0142o o wprowadzenie zakazu \npo\u0142ow\u00f3w na jeziorze, gdy\u017c zostan\u0105 do niego wprowadzone ryby drapie\u017cne. \nIch zadaniem b\u0119dzie zmniejszenie tzw. bia\u0142ej ryby, kt\u00f3rej nadmierna \nilo\u015b\u0107 powoduje tak\u017ce szybszy ubytek tlenu, a w efekcie przyduch\u0119. Zakaz \nten obowi\u0105zywa\u0107 b\u0119dzie przez kolejne kilka lat. Jednocze\u015bnie na jeziorze\n zainstalowany zosta\u0142 aerator, kt\u00f3ry w formie wodotrysku napowietrza \nwod\u0119 w p\u00f3\u0142nocnej cz\u0119\u015bci jeziora &#8211; niekt\u00f3rzy mieszka\u0144cy zwr\u00f3cili uwag\u0119 na\n jego brak w ostatnich dniach, ale jak uda\u0142o si\u0119 nam dowiedzie\u0107, po \nkorekcie mechanizmu wkr\u00f3tce ma ono powr\u00f3ci\u0107 na wod\u0119 Jeziora Jelonek.<\/p>\n\n\n\n<h4 class=\"wp-block-heading\">15.11.2019 &#8211; SJR do Prezydenta Miasta Gniezna &#8211; Wniosek o udost\u0119pnienie informacji o \u015brodowisku i jego ochronie w sprawie rekultywacji jeziora Jelonek<\/h4>\n\n\n\n<figure class=\"wp-block-embed-pdf-viewer-embed-pdf-viewer wp-block-embed-pdf-viewer-embed-pdf-viewer__content-wrapper\"><object class=\"embed-pdf-viewer\" data=\"https:\/\/czyste-jeziora.pl\/wp-content\/uploads\/2020\/01\/JezioroJelonek_Wniosek_o_inf_o_sordowisku_do_UM_Gniezno.pdf#scrollbar=1&amp;toolbar=1\" type=\"application\/pdf\" width=\"600\" height=\"400\"><\/object><iframe class=\"embed-pdf-viewer\" src=\"https:\/\/docs.google.com\/viewer?url=http%3A%2F%2Fczyste-jeziora.pl%2Fwp-content%2Fuploads%2F2020%2F01%2FJezioroJelonek_Wniosek_o_inf_o_sordowisku_do_UM_Gniezno.pdf&amp;embedded=true\" width=\"600\" height=\"400\" frameborder=\"0\"><\/iframe><\/figure>\n\n\n\n<h4 class=\"wp-block-heading\">05.12.2019 &#8211; Odpowied\u017a Prezydenta Miasta Gniezna do SJR &#8211; Wybrane wyniki prowadzonych rekultywacji na jeziorze Jelonek<\/h4>\n\n\n\n<figure class=\"wp-block-embed-pdf-viewer-embed-pdf-viewer wp-block-embed-pdf-viewer-embed-pdf-viewer__content-wrapper\"><object class=\"embed-pdf-viewer\" data=\"https:\/\/czyste-jeziora.pl\/wp-content\/uploads\/2020\/01\/UM_Gniezno_2019_12_05_OdpowiedzWynikiRekultywacji_2017r_2018r.pdf#scrollbar=1&amp;toolbar=1\" type=\"application\/pdf\" width=\"600\" height=\"400\"><\/object><iframe class=\"embed-pdf-viewer\" src=\"https:\/\/docs.google.com\/viewer?url=http%3A%2F%2Fczyste-jeziora.pl%2Fwp-content%2Fuploads%2F2020%2F01%2FUM_Gniezno_2019_12_05_OdpowiedzWynikiRekultywacji_2017r_2018r.pdf&amp;embedded=true\" width=\"600\" height=\"400\" frameborder=\"0\"><\/iframe><\/figure>\n\n\n\n<h4 class=\"wp-block-heading\">18.07.2021 &#8211; Przyducha w Jeziorze Jelonek<\/h4>\n\n\n\n<figure class=\"wp-block-embed is-type-video is-provider-youtube wp-block-embed-youtube wp-embed-aspect-16-9 wp-has-aspect-ratio\"><div class=\"wp-block-embed__wrapper\">\n<iframe title=\"Przyducha w Jeziorze Jelonek - 18 lipca 2021\" width=\"750\" height=\"422\" src=\"https:\/\/www.youtube.com\/embed\/EGcHodbUCi4?feature=oembed\" frameborder=\"0\" allow=\"accelerometer; autoplay; clipboard-write; encrypted-media; gyroscope; picture-in-picture\" allowfullscreen><\/iframe>\n<\/div><\/figure>\n","protected":false},"excerpt":{"rendered":"<p>2009-2010 &#8211; Rekultywacja Jezior Jelonek i Winiary w Gnie\u017anie metod\u0105 inaktywacji fosforu w osadach dennych Projekt nr LIFE07 ENV\/PL\/000605 zrealizowany w ramach Instrumentu Finansowego LIFE+ (edycja 2007) Komponent II \u201ePolityka i zarz\u0105dzanie w zakresie \u015brodowiska\u201d Ca\u0142kowity koszt projektu: 431 861,00 \u20ac Dofinansowanie: 215 930,50 \u20ac (50% koszt\u00f3w ca\u0142kowitych) 2013 &#8211; [&hellip;]<\/p>\n","protected":false},"author":1,"featured_media":339,"parent":0,"menu_order":0,"comment_status":"closed","ping_status":"closed","template":"","meta":{"footnotes":""},"_links":{"self":[{"href":"https:\/\/czyste-jeziora.pl\/index.php?rest_route=\/wp\/v2\/pages\/225"}],"collection":[{"href":"https:\/\/czyste-jeziora.pl\/index.php?rest_route=\/wp\/v2\/pages"}],"about":[{"href":"https:\/\/czyste-jeziora.pl\/index.php?rest_route=\/wp\/v2\/types\/page"}],"author":[{"embeddable":true,"href":"https:\/\/czyste-jeziora.pl\/index.php?rest_route=\/wp\/v2\/users\/1"}],"replies":[{"embeddable":true,"href":"https:\/\/czyste-jeziora.pl\/index.php?rest_route=%2Fwp%2Fv2%2Fcomments&post=225"}],"version-history":[{"count":12,"href":"https:\/\/czyste-jeziora.pl\/index.php?rest_route=\/wp\/v2\/pages\/225\/revisions"}],"predecessor-version":[{"id":1722,"href":"https:\/\/czyste-jeziora.pl\/index.php?rest_route=\/wp\/v2\/pages\/225\/revisions\/1722"}],"wp:featuredmedia":[{"embeddable":true,"href":"https:\/\/czyste-jeziora.pl\/index.php?rest_route=\/wp\/v2\/media\/339"}],"wp:attachment":[{"href":"https:\/\/czyste-jeziora.pl\/index.php?rest_route=%2Fwp%2Fv2%2Fmedia&parent=225"}],"curies":[{"name":"wp","href":"https:\/\/api.w.org\/{rel}","templated":true}]}}