{"id":283,"date":"2020-01-09T08:44:13","date_gmt":"2020-01-09T07:44:13","guid":{"rendered":"http:\/\/czyste-jeziora.pl\/?page_id=283"},"modified":"2020-03-23T08:47:13","modified_gmt":"2020-03-23T07:47:13","slug":"jezioro-goreckie-w-wielkopolskim-parku-narodowym","status":"publish","type":"page","link":"https:\/\/czyste-jeziora.pl\/?page_id=283","title":{"rendered":"Jezioro G\u00f3reckie w Wielkopolskim Parku Narodowym"},"content":{"rendered":"\n<h4 class=\"wp-block-heading\">01.2009 \u2013 Co zagra\u017ca ekosystemowi jeziora g\u00f3reckiego? &#8211; Tadeusz Sobczy\u0144ski, Tomasz Joniak<\/h4>\n\n\n\n<figure class=\"wp-block-embed-pdf-viewer-embed-pdf-viewer wp-block-embed-pdf-viewer-embed-pdf-viewer__content-wrapper\"><object class=\"embed-pdf-viewer\" data=\"https:\/\/czyste-jeziora.pl\/wp-content\/uploads\/2020\/01\/SobczynskiJoniak2009_JezioroGoreckieDzikieGesi.pdf#scrollbar=1&amp;toolbar=1\" type=\"application\/pdf\" height=\"400\" width=\"600\"><\/object><iframe class=\"embed-pdf-viewer\" src=\"https:\/\/docs.google.com\/viewer?url=https%3A%2F%2Fczyste-jeziora.pl%2Fwp-content%2Fuploads%2F2020%2F01%2FSobczynskiJoniak2009_JezioroGoreckieDzikieGesi.pdf&amp;embedded=true\" frameborder=\"0\" height=\"400\" width=\"600\"><\/iframe><\/figure>\n\n\n\n<p>We wnioskach powy\u017cszej publikacji mo\u017cemy przeczyta\u0107 mi\u0119dzy innymi:  <strong>W \u015bwietle najnowszych bada\u0144 wp\u0142yw zimuj\u0105cych dzikich g\u0119si na  jako\u015b\u0107 wody  jest  nieznaczny,  a  za  g\u0142\u00f3wn\u0105  przyczyn\u0119  pogarszania  si\u0119  jej  stanu  uzna\u0107  nale\u017cy  wt\u00f3rne  zasilanie  wewn\u0119trzne  z  osad\u00f3w  dennych.<\/strong>  <\/p>\n\n\n\n<h4 class=\"wp-block-heading\"> 09.2015 \u2013 Monitoring rekultywacji Jeziora G\u00f3reckiego \u2013 Micha\u0142 Rybrak, Tomasz Joniak i Tadeusz Sobczy\u0144ski.<\/h4>\n\n\n\n<figure class=\"wp-block-embed-pdf-viewer-embed-pdf-viewer wp-block-embed-pdf-viewer-embed-pdf-viewer__content-wrapper\"><object class=\"embed-pdf-viewer\" data=\"https:\/\/czyste-jeziora.pl\/wp-content\/uploads\/2020\/01\/JezioroGoreckie_MonitoringZanieczyszczeniaAzotem_i_FosforemBezodplywowegoJezioraPoOdcieciuDoplywuSciekow.pdf#scrollbar=1&amp;toolbar=1\" type=\"application\/pdf\" height=\"400\" width=\"600\"><\/object><iframe class=\"embed-pdf-viewer\" src=\"https:\/\/docs.google.com\/viewer?url=https%3A%2F%2Fczyste-jeziora.pl%2Fwp-content%2Fuploads%2F2020%2F01%2FJezioroGoreckie_MonitoringZanieczyszczeniaAzotem_i_FosforemBezodplywowegoJezioraPoOdcieciuDoplywuSciekow.pdf&amp;embedded=true\" frameborder=\"0\" height=\"400\" width=\"600\"><\/iframe><\/figure>\n\n\n\n<p>We wnioskach powy\u017cszej publikacji mo\u017cemy przeczyta\u0107 mi\u0119dzy innymi:  <em>Przeprowadzenie rekultywacji  <strong>z  u\u017cyciem  metody  chemicznego  str\u0105cania  fosforan\u00f3w  przy  zastosowaniu koagulantu \u017celazowego   uzna\u0107   nale\u017cy   za   nietrafione<\/strong>   ze   wzgl\u0119du   na   nietrwa\u0142o\u015b\u0107 chemicznych wi\u0105za\u0144 \u017celazowo-fosforanowych  w  warunkach    beztlenowej strefy przydennej. U\u017cycie <strong>aeratora  wiatrowego<\/strong> daje  wprawdzie pewne  szanse  na zmian\u0119 sytuacji tlenowej  zbiornika,  ale  perspektywa  czasowa  jest  niezwykle  trudna  do  okre\u015blenia. <\/em> <\/p>\n\n\n\n<h4 class=\"wp-block-heading\">30.05.2016 &#8211; Opinia na temat zmian jako\u015bci wody jeziora G\u00f3reckiego pod wp\u0142ywem rekultywacji<\/h4>\n\n\n\n<figure class=\"wp-block-embed-pdf-viewer-embed-pdf-viewer wp-block-embed-pdf-viewer-embed-pdf-viewer__content-wrapper\"><object class=\"embed-pdf-viewer\" data=\"https:\/\/czyste-jeziora.pl\/wp-content\/uploads\/2020\/03\/Goldyn_Dondajewska_2016_OpiniaNaTematZmianJakosciWodyJezioraGoreckiegoPodWplywemRekultywacji.pdf#scrollbar=1&amp;toolbar=1\" type=\"application\/pdf\" height=\"400\" width=\"600\"><\/object><iframe class=\"embed-pdf-viewer\" src=\"https:\/\/docs.google.com\/viewer?url=https%3A%2F%2Fczyste-jeziora.pl%2Fwp-content%2Fuploads%2F2020%2F03%2FGoldyn_Dondajewska_2016_OpiniaNaTematZmianJakosciWodyJezioraGoreckiegoPodWplywemRekultywacji.pdf&amp;embedded=true\" frameborder=\"0\" height=\"400\" width=\"600\"><\/iframe><\/figure>\n\n\n\n<p><\/p>\n","protected":false},"excerpt":{"rendered":"<p>01.2009 \u2013 Co zagra\u017ca ekosystemowi jeziora g\u00f3reckiego? &#8211; Tadeusz Sobczy\u0144ski, Tomasz Joniak We wnioskach powy\u017cszej publikacji mo\u017cemy przeczyta\u0107 mi\u0119dzy innymi: W \u015bwietle najnowszych bada\u0144 wp\u0142yw zimuj\u0105cych dzikich g\u0119si na jako\u015b\u0107 wody jest nieznaczny, a za g\u0142\u00f3wn\u0105 przyczyn\u0119 pogarszania si\u0119 jej stanu uzna\u0107 nale\u017cy wt\u00f3rne zasilanie wewn\u0119trzne z osad\u00f3w dennych. 09.2015 [&hellip;]<\/p>\n","protected":false},"author":1,"featured_media":337,"parent":0,"menu_order":0,"comment_status":"closed","ping_status":"closed","template":"","meta":{"footnotes":""},"_links":{"self":[{"href":"https:\/\/czyste-jeziora.pl\/index.php?rest_route=\/wp\/v2\/pages\/283"}],"collection":[{"href":"https:\/\/czyste-jeziora.pl\/index.php?rest_route=\/wp\/v2\/pages"}],"about":[{"href":"https:\/\/czyste-jeziora.pl\/index.php?rest_route=\/wp\/v2\/types\/page"}],"author":[{"embeddable":true,"href":"https:\/\/czyste-jeziora.pl\/index.php?rest_route=\/wp\/v2\/users\/1"}],"replies":[{"embeddable":true,"href":"https:\/\/czyste-jeziora.pl\/index.php?rest_route=%2Fwp%2Fv2%2Fcomments&post=283"}],"version-history":[{"count":8,"href":"https:\/\/czyste-jeziora.pl\/index.php?rest_route=\/wp\/v2\/pages\/283\/revisions"}],"predecessor-version":[{"id":594,"href":"https:\/\/czyste-jeziora.pl\/index.php?rest_route=\/wp\/v2\/pages\/283\/revisions\/594"}],"wp:featuredmedia":[{"embeddable":true,"href":"https:\/\/czyste-jeziora.pl\/index.php?rest_route=\/wp\/v2\/media\/337"}],"wp:attachment":[{"href":"https:\/\/czyste-jeziora.pl\/index.php?rest_route=%2Fwp%2Fv2%2Fmedia&parent=283"}],"curies":[{"name":"wp","href":"https:\/\/api.w.org\/{rel}","templated":true}]}}