{"id":366,"date":"2020-01-14T11:08:51","date_gmt":"2020-01-14T10:08:51","guid":{"rendered":"http:\/\/czyste-jeziora.pl\/?page_id=366"},"modified":"2021-02-09T09:05:02","modified_gmt":"2021-02-09T08:05:02","slug":"2013-diagnoza-stanu-srodowiska-przyrodniczego-w-obszarze-natura-2000-dolina-welny-wraz-z-okresleniem-wytycznych-do-zastosowania-w-praktyce","status":"publish","type":"page","link":"https:\/\/czyste-jeziora.pl\/?page_id=366","title":{"rendered":"2013 &#8211; Diagnoza stanu \u015brodowiska przyrodniczego w obszarze Natura 2000 \u201eDolina We\u0142ny\u201d wraz z okre\u015bleniem wytycznych do zastosowania w praktyce"},"content":{"rendered":"\n<p><strong>Autorzy<\/strong>:  Maciej G\u0105bka, Emilia Jakubas <\/p>\n\n\n\n<figure class=\"wp-block-image size-large\"><img fetchpriority=\"high\" decoding=\"async\" width=\"826\" height=\"1024\" src=\"https:\/\/czyste-jeziora.pl\/wp-content\/uploads\/2020\/01\/DiagnozaStanuSrodowiskaDolinaWelny-826x1024.jpg\" alt=\"\" class=\"wp-image-367\" srcset=\"https:\/\/czyste-jeziora.pl\/wp-content\/uploads\/2020\/01\/DiagnozaStanuSrodowiskaDolinaWelny-826x1024.jpg 826w, https:\/\/czyste-jeziora.pl\/wp-content\/uploads\/2020\/01\/DiagnozaStanuSrodowiskaDolinaWelny-242x300.jpg 242w, https:\/\/czyste-jeziora.pl\/wp-content\/uploads\/2020\/01\/DiagnozaStanuSrodowiskaDolinaWelny-768x952.jpg 768w, https:\/\/czyste-jeziora.pl\/wp-content\/uploads\/2020\/01\/DiagnozaStanuSrodowiskaDolinaWelny-1239x1536.jpg 1239w, https:\/\/czyste-jeziora.pl\/wp-content\/uploads\/2020\/01\/DiagnozaStanuSrodowiskaDolinaWelny-1652x2048.jpg 1652w\" sizes=\"(max-width: 826px) 100vw, 826px\" \/><\/figure>\n\n\n\n<p>Regionalna  Dyrekcja  Las\u00f3w  Pa\u0144stwowych  w  Poznaniu  realizuje  projekt  pod  nazw\u0105  Baltic Landscape  \u2013  innovative  approches  towards  sustainable  forested  landscape  wsp\u00f3\u0142finansowany  z Europejskiego  Funduszu  Rozwoju  Regionalnego  w  ramach  Programu  Regionu Morza  Ba\u0142tyckiego. <br>Cz\u0119\u015b\u0107  dzia\u0142a\u0144  podejmowana  na  terenie  Nadle\u015bnictwa  Oborniki  obejmuje  zagadnienia  zwi\u0105zane  z sieci\u0105 Natura 2000 i opiera si\u0119 na koncepcji lasu modelowego. Poj\u0119cie wywodzi si\u0119 z Kanady, gdzie w latach  90  rozpocz\u0119to  rozwi\u0105zywanie  licznych  konflikt\u00f3w wok\u00f3\u0142  zasob\u00f3w  naturalnych  (g\u0142\u00f3wnie  las  i woda)  za  pomoc\u0105  formu\u0142y  \u201eokr\u0105g\u0142ego  sto\u0142u\u201d.  Najwa\u017cniejsze  filary  koncepcji  to  partnerstwo, transparentno\u015b\u0107, wsp\u00f3lne zarz\u0105dzanie obszarem oraz wymiana do\u015bwiadcze\u0144 wewn\u0105trz i na zewn\u0105trz regionu. <br>Przygotowanie opracowanie: \u201eDiagnoza stanu \u015brodowiska przyrodniczego w obszarze Natura 2000  \u201eDolina  We\u0142ny\u201d  wraz  z  okre\u015bleniem  wytycznych  do  zastosowania  w  praktyce\u201d  ma  na  celu przedstawienie wynik\u00f3w podstawowych bada\u0144 inwentaryzacyjnych, jaki i zdefiniowanie zagro\u017ce\u0144 dla \u015brodowiska przyrodniczego i praktycznej mo\u017cliwo\u015bci poprawy warunk\u00f3w ekologicznych. <\/p>\n\n\n\n<p><strong>Zlecaj\u0105cy<\/strong>: Lasy Pa\u0144stwowe <strong>Nadle\u015bnictwo Oborniki<\/strong> ul. Gajowa 1, D\u0105br\u00f3wka Le\u015bna 64-600 Oborniki  <br><strong> Podstawa opracowania<\/strong>: Umowa nr FB\/4\/2013, z dnia 07.05.2013r., zawarta w m. Oborniki.  <\/p>\n\n\n\n<figure class=\"wp-block-embed-pdf-viewer-embed-pdf-viewer wp-block-embed-pdf-viewer-embed-pdf-viewer__content-wrapper\"><object class=\"embed-pdf-viewer\" data=\"https:\/\/czyste-jeziora.pl\/wp-content\/uploads\/2020\/01\/BalticLandscapeNadlesnictwoObornikiDiagnozaStanuSrodowiskaDolinaWelny2013.pdf#scrollbar=1&amp;toolbar=1\" type=\"application\/pdf\" height=\"800\" width=\"600\"><\/object><iframe class=\"embed-pdf-viewer\" src=\"https:\/\/docs.google.com\/viewer?url=http%3A%2F%2Fczyste-jeziora.pl%2Fwp-content%2Fuploads%2F2020%2F01%2FBalticLandscapeNadlesnictwoObornikiDiagnozaStanuSrodowiskaDolinaWelny2013.pdf&amp;embedded=true\" frameborder=\"0\" height=\"800\" width=\"600\"><\/iframe><\/figure>\n\n\n\n<h4 class=\"wp-block-heading\">2013 \u2013 Analiza stanu hydromorfologicznego rzeki Flinty wraz z praktycznymi wskaz\u00f3wkami dla gospodarowania zasobami wodnymi w dolnym odcinku zlewni<\/h4>\n\n\n\n<p>Celem niniejszej analizy jest ustalenie przyczyn podtopie\u0144 teren\u00f3w przylegaj\u0105cych do koryta rzeki Flinty oraz wskazanie kierunk\u00f3w dalszego zagospodarowania rzeki Flinty zmierzaj\u0105cych do renaturyzacji rzeki w odcinku dolnym przep\u0142ywaj\u0105cym przez tereny le\u015bne<\/p>\n\n\n\n<p>Podstaw\u0105 opracowania pn.: \u201dAnaliza stanu hydromorfologicznego rzeki Flinty wraz z praktycznymi wskaz\u00f3wkami dla gospodarowania zasobami wodnymi w dolnym odcinku zlewni\u201d jest umowa numer W\/34\/2013\/K z dnia 31.06.2013r.,zawarta pomi\u0119dzy Skarbem Pa\u0144stwa Pa\u0144stwowym Gospodarstwem Le\u015bnym \u2013 Lasy Pa\u0144stwowe Nadle\u015bnictwa Oborniki z siedzib\u0105 w D\u0105br\u00f3wce Le\u015bnej ul.Gajowa 1, 64-600 Oborniki Wlkp.<\/p>\n\n\n\n<figure class=\"wp-block-embed-pdf-viewer-embed-pdf-viewer wp-block-embed-pdf-viewer-embed-pdf-viewer__content-wrapper\"><object class=\"embed-pdf-viewer\" data=\"https:\/\/czyste-jeziora.pl\/wp-content\/uploads\/2021\/01\/AnalizaStanuHydromorfologicznegoRzekiFlinty_MEL_KAN_2013r_Dokument.pdf#scrollbar=1&amp;toolbar=1\" type=\"application\/pdf\" height=\"400\" width=\"600\"><\/object><iframe class=\"embed-pdf-viewer\" src=\"https:\/\/docs.google.com\/viewer?url=https%3A%2F%2Fczyste-jeziora.pl%2Fwp-content%2Fuploads%2F2021%2F01%2FAnalizaStanuHydromorfologicznegoRzekiFlinty_MEL_KAN_2013r_Dokument.pdf&amp;embedded=true\" frameborder=\"0\" height=\"400\" width=\"600\"><\/iframe><\/figure>\n\n\n\n<h4 class=\"wp-block-heading\">Dokumentacja zdj\u0119ciowa budowli na odcinku rzeki Flinty od km 0+000 do km 18+100<\/h4>\n\n\n\n<figure class=\"wp-block-embed-pdf-viewer-embed-pdf-viewer wp-block-embed-pdf-viewer-embed-pdf-viewer__content-wrapper\"><object class=\"embed-pdf-viewer\" data=\"https:\/\/czyste-jeziora.pl\/wp-content\/uploads\/2021\/01\/AnalizaStanuHydromorfologicznegoRzekiFlinty_MEL_KAN_2013r_ZdjeciaBudowli-scaled.jpg#scrollbar=1&amp;toolbar=1\" type=\"application\/pdf\" height=\"800\" width=\"600\"><\/object><iframe class=\"embed-pdf-viewer\" src=\"https:\/\/docs.google.com\/viewer?url=https%3A%2F%2Fczyste-jeziora.pl%2Fwp-content%2Fuploads%2F2021%2F01%2FAnalizaStanuHydromorfologicznegoRzekiFlinty_MEL_KAN_2013r_ZdjeciaBudowli-scaled.jpg&amp;embedded=true\" frameborder=\"0\" height=\"800\" width=\"600\"><\/iframe><\/figure>\n\n\n\n<h4 class=\"wp-block-heading\">Mapa pogl\u0105dowa<\/h4>\n\n\n\n<figure class=\"wp-block-embed-pdf-viewer-embed-pdf-viewer wp-block-embed-pdf-viewer-embed-pdf-viewer__content-wrapper\"><object class=\"embed-pdf-viewer\" data=\"https:\/\/czyste-jeziora.pl\/wp-content\/uploads\/2021\/01\/AnalizaStanuHydromorfologicznegoRzekiFlinty_MEL_KAN_2013r_MapaPogladowa.pdf#scrollbar=1&amp;toolbar=1\" type=\"application\/pdf\" height=\"800\" width=\"600\"><\/object><iframe class=\"embed-pdf-viewer\" src=\"https:\/\/docs.google.com\/viewer?url=https%3A%2F%2Fczyste-jeziora.pl%2Fwp-content%2Fuploads%2F2021%2F01%2FAnalizaStanuHydromorfologicznegoRzekiFlinty_MEL_KAN_2013r_MapaPogladowa.pdf&amp;embedded=true\" frameborder=\"0\" height=\"800\" width=\"600\"><\/iframe><\/figure>\n\n\n\n<h4 class=\"wp-block-heading\">2014 &#8211; Krzysztof Szoszkiewicz, Tomasz Ka\u0142u\u017ca, Karol Pietruczuk, Pawe\u0142 Strzeli\u0144ski, Uniwersytet Przyrodniczy w Poznaniu &#8211; Koncepcja renaturyzacji We\u0142ny i Flinty<\/h4>\n\n\n\n<figure class=\"wp-block-embed-pdf-viewer-embed-pdf-viewer wp-block-embed-pdf-viewer-embed-pdf-viewer__content-wrapper\"><object class=\"embed-pdf-viewer\" data=\"https:\/\/czyste-jeziora.pl\/wp-content\/uploads\/2021\/02\/SzoszkiewiczKaluzaPietruczukStrzelinski_KoncepcjaRenaturyzacjiWe\u0142nyiFlinty_2014.pdf#scrollbar=1&amp;toolbar=1\" type=\"application\/pdf\" height=\"800\" width=\"600\"><\/object><iframe class=\"embed-pdf-viewer\" src=\"https:\/\/docs.google.com\/viewer?url=https%3A%2F%2Fczyste-jeziora.pl%2Fwp-content%2Fuploads%2F2021%2F02%2FSzoszkiewiczKaluzaPietruczukStrzelinski_KoncepcjaRenaturyzacjiWe%C5%82nyiFlinty_2014.pdf&amp;embedded=true\" frameborder=\"0\" height=\"800\" width=\"600\"><\/iframe><\/figure>\n\n\n\n<h4 class=\"wp-block-heading\">Las Modelowy w Obornikach &#8211; Plan Strategiczny na lata 2015-2022<\/h4>\n\n\n\n<figure class=\"wp-block-embed-pdf-viewer-embed-pdf-viewer wp-block-embed-pdf-viewer-embed-pdf-viewer__content-wrapper\"><object class=\"embed-pdf-viewer\" data=\"https:\/\/czyste-jeziora.pl\/wp-content\/uploads\/2020\/10\/Plan_Strategiczny_dla_Lasu_Modelowego_w_Obornikach.pdf#scrollbar=1&amp;toolbar=1\" type=\"application\/pdf\" height=\"800\" width=\"600\"><\/object><iframe class=\"embed-pdf-viewer\" src=\"https:\/\/docs.google.com\/viewer?url=https%3A%2F%2Fczyste-jeziora.pl%2Fwp-content%2Fuploads%2F2020%2F10%2FPlan_Strategiczny_dla_Lasu_Modelowego_w_Obornikach.pdf&amp;embedded=true\" frameborder=\"0\" height=\"800\" width=\"600\"><\/iframe><\/figure>\n\n\n\n<h4 class=\"wp-block-heading\">Las Modelowy w Obornikach &#8211; Plan Strategiczny na lata 2015-2022 &#8211; Za\u0142\u0105cznik<\/h4>\n\n\n\n<figure class=\"wp-block-embed-pdf-viewer-embed-pdf-viewer wp-block-embed-pdf-viewer-embed-pdf-viewer__content-wrapper\"><object class=\"embed-pdf-viewer\" data=\"https:\/\/czyste-jeziora.pl\/wp-content\/uploads\/2021\/02\/Plan_Strategiczny_dla_Lasu_Modelowego_w_Obornikach_Zalaczniki.pdf#scrollbar=1&amp;toolbar=1\" type=\"application\/pdf\" height=\"800\" width=\"600\"><\/object><iframe class=\"embed-pdf-viewer\" src=\"https:\/\/docs.google.com\/viewer?url=https%3A%2F%2Fczyste-jeziora.pl%2Fwp-content%2Fuploads%2F2021%2F02%2FPlan_Strategiczny_dla_Lasu_Modelowego_w_Obornikach_Zalaczniki.pdf&amp;embedded=true\" frameborder=\"0\" height=\"800\" width=\"600\"><\/iframe><\/figure>\n\n\n\n<div class=\"wp-block-themeisle-blocks-advanced-columns has-1-columns has-desktop-equal-layout has-tablet-equal-layout has-mobile-equal-layout has-default-gap has-vertical-unset\" id=\"wp-block-themeisle-blocks-advanced-columns-6684c094\"><div class=\"wp-block-themeisle-blocks-advanced-columns-overlay\"><\/div><div class=\"innerblocks-wrap\">\n<div class=\"wp-block-themeisle-blocks-advanced-column\" id=\"wp-block-themeisle-blocks-advanced-column-a2c441c6\"><\/div>\n<\/div><\/div>\n","protected":false},"excerpt":{"rendered":"<p>Autorzy: Maciej G\u0105bka, Emilia Jakubas Regionalna Dyrekcja Las\u00f3w Pa\u0144stwowych w Poznaniu realizuje projekt pod nazw\u0105 Baltic Landscape \u2013 innovative approches towards sustainable forested landscape wsp\u00f3\u0142finansowany z Europejskiego Funduszu Rozwoju Regionalnego w ramach Programu Regionu Morza Ba\u0142tyckiego. Cz\u0119\u015b\u0107 dzia\u0142a\u0144 podejmowana na terenie Nadle\u015bnictwa Oborniki obejmuje zagadnienia zwi\u0105zane z sieci\u0105 Natura 2000 [&hellip;]<\/p>\n","protected":false},"author":1,"featured_media":373,"parent":0,"menu_order":0,"comment_status":"closed","ping_status":"closed","template":"","meta":{"footnotes":""},"_links":{"self":[{"href":"https:\/\/czyste-jeziora.pl\/index.php?rest_route=\/wp\/v2\/pages\/366"}],"collection":[{"href":"https:\/\/czyste-jeziora.pl\/index.php?rest_route=\/wp\/v2\/pages"}],"about":[{"href":"https:\/\/czyste-jeziora.pl\/index.php?rest_route=\/wp\/v2\/types\/page"}],"author":[{"embeddable":true,"href":"https:\/\/czyste-jeziora.pl\/index.php?rest_route=\/wp\/v2\/users\/1"}],"replies":[{"embeddable":true,"href":"https:\/\/czyste-jeziora.pl\/index.php?rest_route=%2Fwp%2Fv2%2Fcomments&post=366"}],"version-history":[{"count":6,"href":"https:\/\/czyste-jeziora.pl\/index.php?rest_route=\/wp\/v2\/pages\/366\/revisions"}],"predecessor-version":[{"id":1293,"href":"https:\/\/czyste-jeziora.pl\/index.php?rest_route=\/wp\/v2\/pages\/366\/revisions\/1293"}],"wp:featuredmedia":[{"embeddable":true,"href":"https:\/\/czyste-jeziora.pl\/index.php?rest_route=\/wp\/v2\/media\/373"}],"wp:attachment":[{"href":"https:\/\/czyste-jeziora.pl\/index.php?rest_route=%2Fwp%2Fv2%2Fmedia&parent=366"}],"curies":[{"name":"wp","href":"https:\/\/api.w.org\/{rel}","templated":true}]}}