{"id":498,"date":"2020-02-05T20:28:59","date_gmt":"2020-02-05T19:28:59","guid":{"rendered":"https:\/\/czyste-jeziora.pl\/?page_id=498"},"modified":"2020-02-05T20:37:33","modified_gmt":"2020-02-05T19:37:33","slug":"rekultywacja-jeziora-durowskiego","status":"publish","type":"page","link":"https:\/\/czyste-jeziora.pl\/?page_id=498","title":{"rendered":"Rekultywacja jeziora Durowskiego"},"content":{"rendered":"\n<figure class=\"wp-block-image size-large\"><img fetchpriority=\"high\" decoding=\"async\" width=\"470\" height=\"311\" src=\"https:\/\/czyste-jeziora.pl\/wp-content\/uploads\/2020\/02\/JezioroDurowskie.jpg\" alt=\"\" class=\"wp-image-501\" srcset=\"https:\/\/czyste-jeziora.pl\/wp-content\/uploads\/2020\/02\/JezioroDurowskie.jpg 470w, https:\/\/czyste-jeziora.pl\/wp-content\/uploads\/2020\/02\/JezioroDurowskie-300x199.jpg 300w\" sizes=\"(max-width: 470px) 100vw, 470px\" \/><figcaption>  fot. UM W\u0105growiec  <\/figcaption><\/figure>\n\n\n\n<h4 class=\"wp-block-heading\">25.03.2013 &#8211; Przetarg na przeprowadzenie rekultywacji jeziora Durowskiego w W\u0105growcu w roku 2013. \u0179r\u00f3d\u0142o: <a href=\"http:\/\/www.przetargi.egospodarka.pl\/117122_Przeprowadzenie-rekultywacji-jeziora-Durowskiego-w-Wagrowcu-w-roku-2013_2013_2.html\">www.przetargi.egospodarka.pl<\/a><\/h4>\n\n\n\n<p>II.1.4) Okre\u015blenie przedmiotu oraz wielko\u015bci lub zakresu zam\u00f3wienia: 1.Przedmiotem zam\u00f3wienia jest przeprowadzenie dalszej rekultywacji jeziora Durowskiego w W\u0105growcu w ROKU 2013 za pomoc\u0105 metod, kt\u00f3re prowadzone by\u0142y w latach 2008 &#8211; 2012 polegaj\u0105cej na: -zastosowaniu mobilnej oraz precyzyjnej inaktywacji fosforu za pomoc\u0105 preparatu PIX w ca\u0142ej toni wodnej &#8211; nale\u017cy przeprowadzi\u0107 w okresie jednego roku dwa zabiegi mobilnej, precyzyjnej inaktywacji fosforu ca\u0142ej powierzchni jeziora Durowskiego z wykorzystaniem preparatu PIX. Zabiegi nale\u017cy wykona\u0107 w okresie od kwietnia do lipca 2013 roku. Prowadzenie mobilnej i precyzyjnej inaktywacji fosforu ma za zadanie ograniczenie zakwit\u00f3w fitoplanktonu w szczeg\u00f3lno\u015bci sinic. Stanowi to r\u00f3wnie\u017c uzupe\u0142nienie natleniania w\u00f3d za pomoc\u0105 aerator\u00f3w pulweryzacyjnych, kt\u00f3re pracuj\u0105 na jeziorze od 2009 roku. Bezpo\u015brednim efektem ekologicznym tej metody ma by\u0107 ograniczenie ilo\u015bci zakwit\u00f3w, co spowoduje z kolei zwi\u0119kszenie przezroczysto\u015bci wody, rozw\u00f3j makrofit\u00f3w i zwi\u0119kszenie potencja\u0142u samorekultywacji zbiornika. -przeprowadzeniu biomanipulacji &#8211; w ramach biomanipulacji nale\u017cy prowadzi\u0107 w okresie prowadzenia procesu rekultywacji intensywne od\u0142owy ryb karpiowatych z jeziora. W roku 2013 jezioro Durowskie nale\u017cy zarybi\u0107 narybkiem szczupaka w ilo\u015bci 40 tys. szt. narybku o wielko\u015bci min. 5 cm. Zadaniem biomanipulacji jest r\u00f3wnie\u017c zmniejszenie ilo\u015bci fitoplanktonu w jeziorze jak r\u00f3wnie\u017c zwi\u0119kszenie bior\u00f3\u017cnorodno\u015bci akwenu. -Dostarczeniu preparatu PIX do pracuj\u0105cych aerator\u00f3w oraz sta\u0142ej strefy inaktywacji fosforu w ilo\u015bci 1000 kg. -prowadzeniu monitoringu na potrzeby rekultywacji &#8211; w celu precyzyjnego dawkowania preparatu PIX do jeziora Durowskiego nale\u017cy prowadzi\u0107 monitoring. Wybrane zabiegi rekultywacyjne stanowi\u0105 kontynuacje prowadzonego w latach ubieg\u0142ych procesu rekultywacji jeziora Durowskiego, kt\u00f3ry przyni\u00f3s\u0142 znacz\u0105ca popraw\u0119 jako\u015bci w\u00f3d jeziora. Celem wybranych zabieg\u00f3w rekultywacyjnych jest w pierwszej kolejno\u015bci powstrzymanie post\u0119puj\u0105cych niekorzystnych proces\u00f3w zachodz\u0105cych w jeziorze, post\u0119puj\u0105cej eutrofizacji, zakwit\u00f3w sinicowych oraz odtleniania g\u0142\u0119bszych warstw wody jeziora. Dalsza rekultywacja jeziora Durowskiego ma doprowadzi\u0107 do jeszcze lepszej poprawy jako\u015bci w\u00f3d poprzez: -ograniczenie zakwitu glon\u00f3w, w szczeg\u00f3lno\u015bci sinic, -popraw\u0119 warunk\u00f3w tlenowych w\u00f3d jeziora, -obni\u017cenie st\u0119\u017cenia zwi\u0105zk\u00f3w biogennych ( fosfor og\u00f3lny &lt; 0,1 mg\/dm3 ), -zwi\u0119kszenie przezroczysto\u015bci wody, -rozw\u00f3j makrofit\u00f3w. Metody te zosta\u0142y wybrane jako optymalne pod wzgl\u0119dem zar\u00f3wno ekologicznym jak i ekonomicznym oraz sprawdzone pod k\u0105tem osi\u0105ganych wynik\u00f3w. 2.Obszar i granice projektu a)Podstawowe dane morfometryczne jeziora Durowskiego: -powierzchnia zwierciad\u0142a wody &#8211; 143,7 ha, -obj\u0119to\u015b\u0107 jeziora &#8211; 11 322,9 tys. m3, -g\u0142\u0119boko\u015b\u0107 maksymalna &#8211; 14,6 m -g\u0142\u0119boko\u015b\u0107 \u015brednia &#8211; 7,9 m -powierzchnia zlewni ca\u0142kowitej &#8211; 231,6 km2 -powierzchnia zlewni bezpo\u015bredniej &#8211; 1 581,3 ha 3.Pozosta\u0142e zasady wsp\u00f3\u0142pracy. a.Wykonywanie zada\u0144 w ramach prowadzenia biomanipulacji odbywa\u0107 si\u0119 b\u0119dzie przy udziale Zamawiaj\u0105cego potwierdzone protoko\u0142em potwierdzaj\u0105cym, ilo\u015b\u0107 zarybie\u0144 nowym gatunkiem ryb, b.Wykonawca zobowi\u0105zuje si\u0119 do udzia\u0142u w spotkaniach konsultacyjnych z Zamawiaj\u0105cym w terminach uzgodnionych przez Strony je\u017celi zajdzie taka potrzeba. c.Wykonawca zobowi\u0105zany jest do z\u0142o\u017cenia sprawozdania z przeprowadzonych zabieg\u00f3w rekultywacyjnych jeziora..<\/p>\n\n\n\n<h4 class=\"wp-block-heading\">07.2013 Ocena stanu ekologicznego jeziora durowskiego w roku 2013 <\/h4>\n\n\n\n<figure class=\"wp-block-embed-pdf-viewer-embed-pdf-viewer wp-block-embed-pdf-viewer-embed-pdf-viewer__content-wrapper\"><object class=\"embed-pdf-viewer\" data=\"https:\/\/czyste-jeziora.pl\/wp-content\/uploads\/2020\/02\/GoldynStanEkologicznyJezioraDurowskiegoWroku2013.pdf#scrollbar=1&amp;toolbar=1\" type=\"application\/pdf\" height=\"400\" width=\"600\"><\/object><iframe class=\"embed-pdf-viewer\" src=\"https:\/\/docs.google.com\/viewer?url=https%3A%2F%2Fczyste-jeziora.pl%2Fwp-content%2Fuploads%2F2020%2F02%2FGoldynStanEkologicznyJezioraDurowskiegoWroku2013.pdf&amp;embedded=true\" frameborder=\"0\" height=\"400\" width=\"600\"><\/iframe><\/figure>\n\n\n\n<h4 class=\"wp-block-heading\">05.2016 &#8211; Analiza procesu inaktywacji jon\u00f3w fosforowych w wodzie jeziora Durowskiego<\/h4>\n\n\n\n<figure class=\"wp-block-embed-pdf-viewer-embed-pdf-viewer wp-block-embed-pdf-viewer-embed-pdf-viewer__content-wrapper\"><object class=\"embed-pdf-viewer\" data=\"https:\/\/czyste-jeziora.pl\/wp-content\/uploads\/2020\/02\/RybackiJezioroDurowskie_AnalizaProcesuInaktywacjiJonowFosforowych_2016r.pdf#scrollbar=1&amp;toolbar=1\" type=\"application\/pdf\" height=\"400\" width=\"600\"><\/object><iframe class=\"embed-pdf-viewer\" src=\"https:\/\/docs.google.com\/viewer?url=https%3A%2F%2Fczyste-jeziora.pl%2Fwp-content%2Fuploads%2F2020%2F02%2FRybackiJezioroDurowskie_AnalizaProcesuInaktywacjiJonowFosforowych_2016r.pdf&amp;embedded=true\" frameborder=\"0\" height=\"400\" width=\"600\"><\/iframe><\/figure>\n\n\n\n<h4 class=\"wp-block-heading\">11.07.2019 &#8211; Stan wody w Jeziorze Durowskim si\u0119 pogorszy\u0142. Taki wniosek p\u0142ynie z bada\u0144 student\u00f3w,  <a href=\"http:\/\/www.waszeradiofm.pl\/aktualnosci\/stan-wody-w-jeziorze-durowskim-sie-pogorszyl.-taki-wniosek-plynie-z-badan-studentow\">Wasze Radio FM <\/a> <\/h4>\n\n\n\n<figure class=\"wp-block-image size-large\"><img decoding=\"async\" width=\"770\" height=\"380\" src=\"https:\/\/czyste-jeziora.pl\/wp-content\/uploads\/2020\/02\/StanWodyWJeziorzeDurowskimSiePogorszyl_2019_07_11.jpg\" alt=\"\" class=\"wp-image-503\" srcset=\"https:\/\/czyste-jeziora.pl\/wp-content\/uploads\/2020\/02\/StanWodyWJeziorzeDurowskimSiePogorszyl_2019_07_11.jpg 770w, https:\/\/czyste-jeziora.pl\/wp-content\/uploads\/2020\/02\/StanWodyWJeziorzeDurowskimSiePogorszyl_2019_07_11-300x148.jpg 300w, https:\/\/czyste-jeziora.pl\/wp-content\/uploads\/2020\/02\/StanWodyWJeziorzeDurowskimSiePogorszyl_2019_07_11-768x379.jpg 768w\" sizes=\"(max-width: 770px) 100vw, 770px\" \/><figcaption> fot. UM W\u0105growiec <\/figcaption><\/figure>\n\n\n\n<p>Stan w\u00f3d w Jeziorze Durowskim uleg\u0142 w ostatnim roku \npogorszeniu \u2013 tak wynika z bada\u0144 przeprowadzonych przez grup\u0119 17 \nstudent\u00f3w&nbsp;z Uniwersytetu Christiana Albrechta&nbsp;w Kilonii w Niemczech oraz\n Uniwersytetu im. Adama Mickiewicza w Poznaniu, kt\u00f3rzy pod kierunkiem \nprof. Beaty Messyasz i prof. Ryszarda Go\u0142dyna ocenili skuteczno\u015b\u0107 \nprowadzonej rekultywacji jeziora.<\/p>\n\n\n\n<p>Przez dwa tygodnie studenci kierunk\u00f3w zwi\u0105zanych z ochron\u0105 \n\u015brodowiska, rekrutuj\u0105cy si\u0119 z takich kraj\u00f3w, jak W\u0142ochy, Ukraina, Chiny,\n Niemcy, Albania, Chile, Australia, USA i Polska w ramach \u201eszko\u0142y \nletniej\u201d, sprawdzali stan czysto\u015bci w\u00f3d po\u0142o\u017conego w naszym mie\u015bcie \njeziora. Pracowali w czterech grupach tematycznych, prowadz\u0105c badania \nposzczeg\u00f3lnych parametr\u00f3w fizyko-chemicznych i biologicznych jeziora. \nWnioski, jakie wyci\u0105gn\u0119li z tych bada\u0144, nie s\u0105 tym razem optymistyczne, \nstwierdzono bowiem zauwa\u017calne pogorszenie wielu wska\u017anik\u00f3w stanu \nekologicznego Jeziora Durowskiego w stosunku do lat ubieg\u0142ych, m.in. \nzmniejszenie przezroczysto\u015bci wody z 1,5 m w roku ubieg\u0142ym do 1 m \nobecnie, wzrost st\u0119\u017cenia chlorofilu-a z 4,2 \u00b5g\/l (mezotrofia) do 8,3 \n\u00b5g\/l (eutrofia), zmniejszenie si\u0119 r\u00f3\u017cnorodno\u015bci fitoplanktonu z 84 na 77\n gatunk\u00f3w oraz PMPL z 5,63 na 5,52 (stan umiarkowany).<\/p>\n\n\n\n<p>Spory wp\u0142yw na takie wyniki bada\u0144 mia\u0142, opr\u00f3cz czynnika sta\u0142ego, \njakim jest sta\u0142e wlewanie si\u0119 do Jeziora Durowskiego zanieczyszcze\u0144 z \nterenu gminy W\u0105growiec oraz miasta i gminy Go\u0142a\u0144cz, czynnik makro w \npostaci zmian klimatu, tzn. brak \u015bniegu i opad\u00f3w, wy\u017csza temperatura, a \nst\u0105d ni\u017cszy stan w\u00f3d przy wy\u017cszym parowaniu.<\/p>\n\n\n\n<p>&#8211;&nbsp;<em>Mo\u017cemy, oczywi\u015bcie, zwi\u0119ksza\u0107 nak\u0142ady ponoszone np. na \nwytr\u0105canie fosforu i azotu czy zarybianie, ale bez realnej wsp\u00f3\u0142pracy z \nw\u0142adzami gmin, z kt\u00f3rych zbiornik\u00f3w sp\u0142ywa zanieczyszczona woda do \nJeziora Durowskiego, b\u0119d\u0105 to dzia\u0142ania ma\u0142o skuteczne. Dlatego deklaruj\u0119\n podj\u0119cie w najbli\u017cszym czasie rozm\u00f3w z w\u00f3jtem gminy W\u0105growiec oraz \nburmistrzem miasta i gminy Go\u0142a\u0144cz, s\u0142u\u017c\u0105cych wypracowaniu wsp\u00f3lnych \ndzia\u0142a\u0144 na rzecz efektywnej poprawy czysto\u015bci wody w naszych jeziorach<\/em>&nbsp;\u2013 m\u00f3wi Piotr Pa\u0142czy\u0144ski, zast\u0119pca burmistrza W\u0105growca.<\/p>\n\n\n\n<p>&nbsp;Na szcz\u0119\u015bcie ekosystem jeziora, dzi\u0119ki ponad 10 latom rekultywacji \ncharakteryzuje si\u0119 wieloma mechanizmami obronnymi i to dlatego nie \nnast\u0105pi\u0142o za\u0142amanie jego r\u00f3wnowagi biologicznej. Zaobserwowano nawet \ndalsze utrzymywanie si\u0119 niekt\u00f3rych tendencji do jego przebudowy w \noczekiwanym kierunku. W\u015br\u00f3d pozytywnych tendencji warto wymieni\u0107 zanik w\n jeziorze sinic, dop\u0142ywaj\u0105cych Strug\u0105 Go\u0142anieck\u0105 z Jeziora Kobyleckiego,\n utrzymanie si\u0119 rosn\u0105cego wyk\u0142adniczo tempa wzrostu powierzchni \nzajmowanej przez ro\u015blinno\u015b\u0107 zanurzon\u0105, dzi\u0119ki zwi\u0119kszaniu si\u0119 zasi\u0119gu \nwyst\u0119powania mchu wodnego (<em>Fontinalis antipyretica<\/em>), a tak\u017ce \nobecno\u015b\u0107 coraz liczniejszych filtrator\u00f3w ograniczaj\u0105cych ilo\u015b\u0107 \nfitoplanktonu (zw\u0142aszcza ma\u0142\u017cy \u2013 racicznicy zmiennej) oraz coraz wi\u0119ksz\u0105\n obecno\u015b\u0107 ryb drapie\u017cnych, wp\u0142ywaj\u0105cych na przebudow\u0119 sk\u0142adu gatunkowego\n planktonu.<\/p>\n\n\n\n<p>Wszystkim wyk\u0142adowcom i studentom, bior\u0105cym udzia\u0142 w badaniach \nwiceburmistrz Piotr Pa\u0142czy\u0144ski podzi\u0119kowa\u0142 za po\u015bwi\u0119cony czas, a \nnast\u0119pnie wraz z wiceprzewodnicz\u0105c\u0105 Rady Miejskiej Danut\u0105 \nStrzeleck\u0105-Purczy\u0144sk\u0105 wr\u0119czy\u0142 studentom certyfikaty uko\u0144czenia \u201eszko\u0142y \nletniej\u201d oraz zaprosi\u0142 do wsp\u00f3\u0142pracy w przysz\u0142ym roku.<\/p>\n\n\n\n<p>(UM W\u0105growiec)<\/p>\n","protected":false},"excerpt":{"rendered":"<p>25.03.2013 &#8211; Przetarg na przeprowadzenie rekultywacji jeziora Durowskiego w W\u0105growcu w roku 2013. \u0179r\u00f3d\u0142o: www.przetargi.egospodarka.pl II.1.4) Okre\u015blenie przedmiotu oraz wielko\u015bci lub zakresu zam\u00f3wienia: 1.Przedmiotem zam\u00f3wienia jest przeprowadzenie dalszej rekultywacji jeziora Durowskiego w W\u0105growcu w ROKU 2013 za pomoc\u0105 metod, kt\u00f3re prowadzone by\u0142y w latach 2008 &#8211; 2012 polegaj\u0105cej na: -zastosowaniu [&hellip;]<\/p>\n","protected":false},"author":1,"featured_media":501,"parent":0,"menu_order":0,"comment_status":"closed","ping_status":"closed","template":"","meta":{"footnotes":""},"_links":{"self":[{"href":"https:\/\/czyste-jeziora.pl\/index.php?rest_route=\/wp\/v2\/pages\/498"}],"collection":[{"href":"https:\/\/czyste-jeziora.pl\/index.php?rest_route=\/wp\/v2\/pages"}],"about":[{"href":"https:\/\/czyste-jeziora.pl\/index.php?rest_route=\/wp\/v2\/types\/page"}],"author":[{"embeddable":true,"href":"https:\/\/czyste-jeziora.pl\/index.php?rest_route=\/wp\/v2\/users\/1"}],"replies":[{"embeddable":true,"href":"https:\/\/czyste-jeziora.pl\/index.php?rest_route=%2Fwp%2Fv2%2Fcomments&post=498"}],"version-history":[{"count":3,"href":"https:\/\/czyste-jeziora.pl\/index.php?rest_route=\/wp\/v2\/pages\/498\/revisions"}],"predecessor-version":[{"id":505,"href":"https:\/\/czyste-jeziora.pl\/index.php?rest_route=\/wp\/v2\/pages\/498\/revisions\/505"}],"wp:featuredmedia":[{"embeddable":true,"href":"https:\/\/czyste-jeziora.pl\/index.php?rest_route=\/wp\/v2\/media\/501"}],"wp:attachment":[{"href":"https:\/\/czyste-jeziora.pl\/index.php?rest_route=%2Fwp%2Fv2%2Fmedia&parent=498"}],"curies":[{"name":"wp","href":"https:\/\/api.w.org\/{rel}","templated":true}]}}