{"id":85,"date":"2020-01-05T14:42:54","date_gmt":"2020-01-05T13:42:54","guid":{"rendered":"http:\/\/czyste-jeziora.pl\/?page_id=85"},"modified":"2021-03-09T23:00:05","modified_gmt":"2021-03-09T22:00:05","slug":"kanalizacja-w-gminie-rogozno","status":"publish","type":"page","link":"https:\/\/czyste-jeziora.pl\/?page_id=85","title":{"rendered":"Kanalizacja w gminie Rogo\u017ano"},"content":{"rendered":"\n<h4 class=\"wp-block-heading\">2011 &#8211; Budowa kanalizacji sanitarnej i oczyszczalni \u015bciek\u00f3w etap ii oraz separator\u00f3w na wlotach do jeziora Rogozi\u0144skiego i rzeki We\u0142ny aglomeracji Rogo\u017ano <\/h4>\n\n\n\n<figure class=\"wp-block-embed-pdf-viewer-embed-pdf-viewer wp-block-embed-pdf-viewer-embed-pdf-viewer__content-wrapper\"><object class=\"embed-pdf-viewer\" data=\"https:\/\/czyste-jeziora.pl\/wp-content\/uploads\/2020\/01\/BudowaKanalizacjiRogoznoRozpoczecie2011r.pdf#scrollbar=1&amp;toolbar=1\" type=\"application\/pdf\" width=\"600\" height=\"400\"><\/object><iframe class=\"embed-pdf-viewer\" src=\"https:\/\/docs.google.com\/viewer?url=http%3A%2F%2Fczyste-jeziora.pl%2Fwp-content%2Fuploads%2F2020%2F01%2FBudowaKanalizacjiRogoznoRozpoczecie2011r.pdf&amp;embedded=true\" width=\"600\" height=\"400\" frameborder=\"0\"><\/iframe><\/figure>\n\n\n\n<h4 class=\"wp-block-heading\">29.07.2012 &#8211; Rogo\u017ano &#8211; Po\u0142\u00f3w ryb na ulicy Ko\u015bciuszki<\/h4>\n\n\n\n<iframe src=\"https:\/\/www.youtube.com\/embed\/gpFm0WROJIM\" allow=\"accelerometer; autoplay; encrypted-media; gyroscope; picture-in-picture\" allowfullscreen=\"\" width=\"843\" height=\"632\" frameborder=\"0\"><\/iframe>\n\n\n\n<h4 class=\"wp-block-heading\">25.07.2019 &#8211; Wniosek o informacje o \u015brodowisku dotycz\u0105ce Kanalizacji w Rogo\u017anie<\/h4>\n\n\n\n<figure class=\"wp-block-embed-pdf-viewer-embed-pdf-viewer wp-block-embed-pdf-viewer-embed-pdf-viewer__content-wrapper\"><object class=\"embed-pdf-viewer\" data=\"https:\/\/czyste-jeziora.pl\/wp-content\/uploads\/2020\/01\/SJR_Wniosek_inf_o_srodowisku.pdf#scrollbar=1&amp;toolbar=1\" type=\"application\/pdf\" width=\"600\" height=\"400\"><\/object><iframe class=\"embed-pdf-viewer\" src=\"https:\/\/docs.google.com\/viewer?url=http%3A%2F%2Fczyste-jeziora.pl%2Fwp-content%2Fuploads%2F2020%2F01%2FSJR_Wniosek_inf_o_srodowisku.pdf&amp;embedded=true\" width=\"600\" height=\"400\" frameborder=\"0\"><\/iframe><\/figure>\n\n\n\n<h4 class=\"wp-block-heading\">28.08.2019 &#8211; APLAGA &#8211; Zawiadomienie o zagro\u017ceniu zatrucia uj\u0119cia w Kowan\u00f3wku zasilaj\u0105cego w wod\u0119 mieszka\u0144c\u00f3w Obornik i 34 s\u0105siaduj\u0105cych miejscowo\u015bci.<\/h4>\n\n\n\n<figure class=\"wp-block-embed-pdf-viewer-embed-pdf-viewer wp-block-embed-pdf-viewer-embed-pdf-viewer__content-wrapper\"><object class=\"embed-pdf-viewer\" data=\"https:\/\/czyste-jeziora.pl\/wp-content\/uploads\/2020\/01\/APLAGA_ZagrozeniaDlaUjeciaWodyKowanowko.pdf#scrollbar=1&amp;toolbar=1\" type=\"application\/pdf\" width=\"600\" height=\"400\"><\/object><iframe class=\"embed-pdf-viewer\" src=\"https:\/\/docs.google.com\/viewer?url=http%3A%2F%2Fczyste-jeziora.pl%2Fwp-content%2Fuploads%2F2020%2F01%2FAPLAGA_ZagrozeniaDlaUjeciaWodyKowanowko.pdf&amp;embedded=true\" width=\"600\" height=\"400\" frameborder=\"0\"><\/iframe><\/figure>\n\n\n\n<h4 class=\"wp-block-heading\">06.09.2019 &#8211; Odpowied\u017a Burmistrza Rogo\u017ana na wniosek SJR<\/h4>\n\n\n\n<figure class=\"wp-block-embed-pdf-viewer-embed-pdf-viewer wp-block-embed-pdf-viewer-embed-pdf-viewer__content-wrapper\"><object class=\"embed-pdf-viewer\" data=\"https:\/\/czyste-jeziora.pl\/wp-content\/uploads\/2020\/01\/SJR_Wniosek_inf_o_srodowisku_OdpowiedzBurmistrzaRogozna.pdf#scrollbar=1&amp;toolbar=1\" type=\"application\/pdf\" width=\"600\" height=\"400\"><\/object><iframe class=\"embed-pdf-viewer\" src=\"https:\/\/docs.google.com\/viewer?url=http%3A%2F%2Fczyste-jeziora.pl%2Fwp-content%2Fuploads%2F2020%2F01%2FSJR_Wniosek_inf_o_srodowisku_OdpowiedzBurmistrzaRogozna.pdf&amp;embedded=true\" width=\"600\" height=\"400\" frameborder=\"0\"><\/iframe><\/figure>\n\n\n\n<h4 class=\"wp-block-heading\">16.09.2019 &#8211; SJR wysy\u0142a Ponaglenie o dane \u015brodowiskowe do SKO w Pile<\/h4>\n\n\n\n<figure class=\"wp-block-embed-pdf-viewer-embed-pdf-viewer wp-block-embed-pdf-viewer-embed-pdf-viewer__content-wrapper\"><object class=\"embed-pdf-viewer\" data=\"https:\/\/czyste-jeziora.pl\/wp-content\/uploads\/2020\/01\/SJR_ponaglenie_16_09_2019r.pdf#scrollbar=1&amp;toolbar=1\" type=\"application\/pdf\" width=\"600\" height=\"400\"><\/object><iframe class=\"embed-pdf-viewer\" src=\"https:\/\/docs.google.com\/viewer?url=http%3A%2F%2Fczyste-jeziora.pl%2Fwp-content%2Fuploads%2F2020%2F01%2FSJR_ponaglenie_16_09_2019r.pdf&amp;embedded=true\" width=\"600\" height=\"400\" frameborder=\"0\"><\/iframe><\/figure>\n\n\n\n<h4 class=\"wp-block-heading\">05.11.2019 &#8211; Odpowied\u017a SKO na ponaglenie<\/h4>\n\n\n\n<figure class=\"wp-block-embed-pdf-viewer-embed-pdf-viewer wp-block-embed-pdf-viewer-embed-pdf-viewer__content-wrapper\"><object class=\"embed-pdf-viewer\" data=\"https:\/\/czyste-jeziora.pl\/wp-content\/uploads\/2020\/01\/SKO_OdpowiedzNaPonaglenie_05_11_2019.pdf#scrollbar=1&amp;toolbar=1\" type=\"application\/pdf\" width=\"600\" height=\"400\"><\/object><iframe class=\"embed-pdf-viewer\" src=\"https:\/\/docs.google.com\/viewer?url=http%3A%2F%2Fczyste-jeziora.pl%2Fwp-content%2Fuploads%2F2020%2F01%2FSKO_OdpowiedzNaPonaglenie_05_11_2019.pdf&amp;embedded=true\" width=\"600\" height=\"400\" frameborder=\"0\"><\/iframe><\/figure>\n\n\n\n<h4 class=\"wp-block-heading\">15.11.2019 &#8211; SJR &#8211; Wniosek o ponowne rozpatrzenie sprawy przez SKO<\/h4>\n\n\n\n<figure class=\"wp-block-embed-pdf-viewer-embed-pdf-viewer wp-block-embed-pdf-viewer-embed-pdf-viewer__content-wrapper\"><object class=\"embed-pdf-viewer\" data=\"https:\/\/czyste-jeziora.pl\/wp-content\/uploads\/2020\/01\/Wniosek_o_ponowneRozpatrzenieSprawyPrzezSKO.pdf#scrollbar=1&amp;toolbar=1\" type=\"application\/pdf\" width=\"600\" height=\"400\"><\/object><iframe class=\"embed-pdf-viewer\" src=\"https:\/\/docs.google.com\/viewer?url=http%3A%2F%2Fczyste-jeziora.pl%2Fwp-content%2Fuploads%2F2020%2F01%2FWniosek_o_ponowneRozpatrzenieSprawyPrzezSKO.pdf&amp;embedded=true\" width=\"600\" height=\"400\" frameborder=\"0\"><\/iframe><\/figure>\n\n\n\n<h4 class=\"wp-block-heading\">25.11.2019 &#8211; Odpowied\u017a SKO na pro\u015bb\u0119 SJR o ponowne rozpatrzenie sprawy<\/h4>\n\n\n\n<figure class=\"wp-block-embed-pdf-viewer-embed-pdf-viewer wp-block-embed-pdf-viewer-embed-pdf-viewer__content-wrapper\"><object class=\"embed-pdf-viewer\" data=\"https:\/\/czyste-jeziora.pl\/wp-content\/uploads\/2020\/01\/KanalizacjaRogozno_SKO_OdpowiedzNaWniosekOPonowneRozpatrzenieSprawy.pdf#scrollbar=1&amp;toolbar=1\" type=\"application\/pdf\" width=\"600\" height=\"400\"><\/object><iframe class=\"embed-pdf-viewer\" src=\"https:\/\/docs.google.com\/viewer?url=http%3A%2F%2Fczyste-jeziora.pl%2Fwp-content%2Fuploads%2F2020%2F01%2FKanalizacjaRogozno_SKO_OdpowiedzNaWniosekOPonowneRozpatrzenieSprawy.pdf&amp;embedded=true\" width=\"600\" height=\"400\" frameborder=\"0\"><\/iframe><\/figure>\n\n\n\n<h4 class=\"wp-block-heading\">14.01.2020 &#8211; INLEGIS Kancelarie Prawne sp. z o.o. sp. k. &#8211; Pierwszy wniosek do UM Rogo\u017ano o udost\u0119pnienie informacji o \u015brodowisku i jego ochronie<\/h4>\n\n\n\n<figure class=\"wp-block-embed-pdf-viewer-embed-pdf-viewer wp-block-embed-pdf-viewer-embed-pdf-viewer__content-wrapper\"><object class=\"embed-pdf-viewer\" data=\"https:\/\/czyste-jeziora.pl\/wp-content\/uploads\/2020\/01\/INLEGIS_WniosekDoUM_Rogozno_oUdostepnianiInformacjioSrodowisku_i_JegoUchronie_14_01_2020.pdf#scrollbar=1&amp;toolbar=1\" type=\"application\/pdf\" width=\"600\" height=\"400\"><\/object><iframe class=\"embed-pdf-viewer\" src=\"https:\/\/docs.google.com\/viewer?url=http%3A%2F%2Fczyste-jeziora.pl%2Fwp-content%2Fuploads%2F2020%2F01%2FINLEGIS_WniosekDoUM_Rogozno_oUdostepnianiInformacjioSrodowisku_i_JegoUchronie_14_01_2020.pdf&amp;embedded=true\" width=\"600\" height=\"400\" frameborder=\"0\"><\/iframe><\/figure>\n\n\n\n<h4 class=\"wp-block-heading\"> 20.02.2020 &#8211; Odpowied\u017a Burmistrza Rogo\u017ana w sprawie udost\u0119pnienia informacji o \u015brodowisku dotycz\u0105cej sieci kanalizacyjnych oraz urz\u0105dze\u0144 z ni\u0105 zwi\u0105zanych. <\/h4>\n\n\n\n<figure class=\"wp-block-embed-pdf-viewer-embed-pdf-viewer wp-block-embed-pdf-viewer-embed-pdf-viewer__content-wrapper\"><object class=\"embed-pdf-viewer\" data=\"https:\/\/czyste-jeziora.pl\/wp-content\/uploads\/2020\/02\/OdpowiedzBurzmistrzaRogoznaWsprKanalizacji_2020_02_20.pdf#scrollbar=1&amp;toolbar=1\" type=\"application\/pdf\" width=\"600\" height=\"800\"><\/object><iframe class=\"embed-pdf-viewer\" src=\"https:\/\/docs.google.com\/viewer?url=https%3A%2F%2Fczyste-jeziora.pl%2Fwp-content%2Fuploads%2F2020%2F02%2FOdpowiedzBurzmistrzaRogoznaWsprKanalizacji_2020_02_20.pdf&amp;embedded=true\" width=\"600\" height=\"800\" frameborder=\"0\"><\/iframe><\/figure>\n\n\n\n<h4 class=\"wp-block-heading\"> 03.03.2020 \u2013 INLEGIS Kancelarie Prawne sp. z o.o. sp. k. \u2013 Drugi wniosek  do UM Rogo\u017ano o udost\u0119pnienie informacji o \u015brodowisku i jego ochronie <\/h4>\n\n\n\n<figure class=\"wp-block-embed-pdf-viewer-embed-pdf-viewer wp-block-embed-pdf-viewer-embed-pdf-viewer__content-wrapper\"><object class=\"embed-pdf-viewer\" data=\"https:\/\/czyste-jeziora.pl\/wp-content\/uploads\/2020\/03\/5_INLEGIS_DrugiWniosekDoUM_Rogozno_oUdostepInfo_o_Srodowisku_03_04_2020.pdf#scrollbar=1&amp;toolbar=1\" type=\"application\/pdf\" width=\"600\" height=\"800\"><\/object><iframe class=\"embed-pdf-viewer\" src=\"https:\/\/docs.google.com\/viewer?url=https%3A%2F%2Fczyste-jeziora.pl%2Fwp-content%2Fuploads%2F2020%2F03%2F5_INLEGIS_DrugiWniosekDoUM_Rogozno_oUdostepInfo_o_Srodowisku_03_04_2020.pdf&amp;embedded=true\" width=\"600\" height=\"800\" frameborder=\"0\"><\/iframe><\/figure>\n\n\n\n<h4 class=\"wp-block-heading\"> 21.04.2020 \u2013 Odpowied\u017a Burmistrza Rogo\u017ana<\/h4>\n\n\n\n<figure class=\"wp-block-embed-pdf-viewer-embed-pdf-viewer wp-block-embed-pdf-viewer-embed-pdf-viewer__content-wrapper\"><object class=\"embed-pdf-viewer\" data=\"https:\/\/czyste-jeziora.pl\/wp-content\/uploads\/2020\/04\/6_OdpowiedzBurzmistrzaRogoznaWsprKanalizacji_2020_04_21.pdf#scrollbar=1&amp;toolbar=1\" type=\"application\/pdf\" width=\"600\" height=\"800\"><\/object><iframe class=\"embed-pdf-viewer\" src=\"https:\/\/docs.google.com\/viewer?url=https%3A%2F%2Fczyste-jeziora.pl%2Fwp-content%2Fuploads%2F2020%2F04%2F6_OdpowiedzBurzmistrzaRogoznaWsprKanalizacji_2020_04_21.pdf&amp;embedded=true\" width=\"600\" height=\"800\" frameborder=\"0\"><\/iframe><\/figure>\n\n\n\n<h4 class=\"wp-block-heading\">14.05.2020 &#8211; INLEGIS  Kancelarie Prawne sp. z o.o. sp. k. &#8211; Wniosek do Rzecznika Praw  Obywatelskich w sprawie braku udost\u0119pnienia przez Urz\u0105d Miejski w  Rogo\u017anie informacji o \u015brodowisku i jego ochronie.<\/h4>\n\n\n\n<figure class=\"wp-block-embed-pdf-viewer-embed-pdf-viewer wp-block-embed-pdf-viewer-embed-pdf-viewer__content-wrapper\"><object class=\"embed-pdf-viewer\" data=\"https:\/\/czyste-jeziora.pl\/wp-content\/uploads\/2020\/05\/7_INLEGIS_WniosekDoRzecznikaPrawObywatelskich_14_05_2020.pdf#scrollbar=1&amp;toolbar=1\" type=\"application\/pdf\" width=\"600\" height=\"800\"><\/object><iframe class=\"embed-pdf-viewer\" src=\"https:\/\/docs.google.com\/viewer?url=https%3A%2F%2Fczyste-jeziora.pl%2Fwp-content%2Fuploads%2F2020%2F05%2F7_INLEGIS_WniosekDoRzecznikaPrawObywatelskich_14_05_2020.pdf&amp;embedded=true\" width=\"600\" height=\"800\" frameborder=\"0\"><\/iframe><\/figure>\n\n\n\n<h4 class=\"wp-block-heading\">22.12.2020 &#8211; INLEGIS Kancelarie Prawne sp. z o.o. sp. k. &#8211; Ponaglenie Rzecznika Praw Obywatelskich<\/h4>\n\n\n\n<figure class=\"wp-block-embed-pdf-viewer-embed-pdf-viewer wp-block-embed-pdf-viewer-embed-pdf-viewer__content-wrapper\"><object class=\"embed-pdf-viewer\" data=\"https:\/\/czyste-jeziora.pl\/wp-content\/uploads\/2021\/01\/8_INLEGIS_PonaglenieRzecznikaPrawObywatelskich_22_12_2020.pdf#scrollbar=1&amp;toolbar=1\" type=\"application\/pdf\" width=\"600\" height=\"800\"><\/object><iframe class=\"embed-pdf-viewer\" src=\"https:\/\/docs.google.com\/viewer?url=https%3A%2F%2Fczyste-jeziora.pl%2Fwp-content%2Fuploads%2F2021%2F01%2F8_INLEGIS_PonaglenieRzecznikaPrawObywatelskich_22_12_2020.pdf&amp;embedded=true\" width=\"600\" height=\"800\" frameborder=\"0\"><\/iframe><\/figure>\n\n\n\n<h4 class=\"wp-block-heading\">30.12.2020 &#8211; Stanowisko Rzecznika Praw Obywatelskich<\/h4>\n\n\n\n<figure class=\"wp-block-embed-pdf-viewer-embed-pdf-viewer wp-block-embed-pdf-viewer-embed-pdf-viewer__content-wrapper\"><object class=\"embed-pdf-viewer\" data=\"https:\/\/czyste-jeziora.pl\/wp-content\/uploads\/2020\/05\/9_RzecznikPrawObywatelskichwSprUdostepInfoKanalizacjaRogozno_30_12_2020.pdf#scrollbar=1&amp;toolbar=1\" type=\"application\/pdf\" width=\"600\" height=\"800\"><\/object><iframe class=\"embed-pdf-viewer\" src=\"https:\/\/docs.google.com\/viewer?url=https%3A%2F%2Fczyste-jeziora.pl%2Fwp-content%2Fuploads%2F2020%2F05%2F9_RzecznikPrawObywatelskichwSprUdostepInfoKanalizacjaRogozno_30_12_2020.pdf&amp;embedded=true\" width=\"600\" height=\"800\" frameborder=\"0\"><\/iframe><\/figure>\n\n\n\n<h4 class=\"wp-block-heading\">16.05.2020 \u2013 Obornickie Stowarzyszenie Wodniackie \u201eAPLAGA\u201d \u2013 Petycja w sprawie udost\u0119pnienia rzetelnej informacji o kanalizacji w Rogo\u017anie<\/h4>\n\n\n\n<figure class=\"wp-block-embed-pdf-viewer-embed-pdf-viewer wp-block-embed-pdf-viewer-embed-pdf-viewer__content-wrapper\"><object class=\"embed-pdf-viewer\" data=\"https:\/\/czyste-jeziora.pl\/wp-content\/uploads\/2020\/05\/PetycjaWSprUdostepnieniaInformacjiOKanalizacjiRogozno_2020_05_16.pdf#scrollbar=1&amp;toolbar=1\" type=\"application\/pdf\" width=\"600\" height=\"800\"><\/object><iframe class=\"embed-pdf-viewer\" src=\"https:\/\/docs.google.com\/viewer?url=https%3A%2F%2Fczyste-jeziora.pl%2Fwp-content%2Fuploads%2F2020%2F05%2FPetycjaWSprUdostepnieniaInformacjiOKanalizacjiRogozno_2020_05_16.pdf&amp;embedded=true\" width=\"600\" height=\"800\" frameborder=\"0\"><\/iframe><\/figure>\n\n\n\n<h4 class=\"wp-block-heading\">09.12.2020 \u2013 Odpowied\u017a Burmistrza Rogo\u017ana na Petycj\u0119 Obornickiego Stowarzyszenia Wodniackiego \u201eAPLAGA\u201d \u2013 w sprawie udost\u0119pnienia rzetelnej informacji o kanalizacji w Rogo\u017anie.<\/h4>\n\n\n\n<figure class=\"wp-block-embed-pdf-viewer-embed-pdf-viewer wp-block-embed-pdf-viewer-embed-pdf-viewer__content-wrapper\"><object class=\"embed-pdf-viewer\" data=\"https:\/\/czyste-jeziora.pl\/wp-content\/uploads\/2020\/12\/APLAGA_PetycjaWSprUdostepnieniaInformacjiOKanalizacjiRogozno_09_12_2020_OdpowiedzBurmistrzaRogozna.pdf#scrollbar=1&amp;toolbar=1\" type=\"application\/pdf\" width=\"600\" height=\"800\"><\/object><iframe class=\"embed-pdf-viewer\" src=\"https:\/\/docs.google.com\/viewer?url=https%3A%2F%2Fczyste-jeziora.pl%2Fwp-content%2Fuploads%2F2020%2F12%2FAPLAGA_PetycjaWSprUdostepnieniaInformacjiOKanalizacjiRogozno_09_12_2020_OdpowiedzBurmistrzaRogozna.pdf&amp;embedded=true\" width=\"600\" height=\"800\" frameborder=\"0\"><\/iframe><\/figure>\n\n\n\n<h4 class=\"wp-block-heading\">2018r &#8211; Dane dotycz\u0105ce <strong>skanalizowania miejscowo\u015bci <\/strong> oraz <strong>odprowadzonia \u015bciek\u00f3w do stacji zlewni<\/strong> <strong>w gminie Rogo\u017ano<\/strong><\/h4>\n\n\n\n<figure class=\"wp-block-embed-pdf-viewer-embed-pdf-viewer wp-block-embed-pdf-viewer-embed-pdf-viewer__content-wrapper\"><object class=\"embed-pdf-viewer\" data=\"https:\/\/czyste-jeziora.pl\/wp-content\/uploads\/2020\/10\/WSprCzystosciJeziorRzekIPrzeciwdzialaniuSuszy_30_09_2020_Odpowiedz_WIOS.pdf#scrollbar=1&amp;toolbar=1\" type=\"application\/pdf\" width=\"600\" height=\"800\"><\/object><iframe class=\"embed-pdf-viewer\" src=\"https:\/\/docs.google.com\/viewer?url=https%3A%2F%2Fczyste-jeziora.pl%2Fwp-content%2Fuploads%2F2020%2F10%2FWSprCzystosciJeziorRzekIPrzeciwdzialaniuSuszy_30_09_2020_Odpowiedz_WIOS.pdf&amp;embedded=true\" width=\"600\" height=\"800\" frameborder=\"0\"><\/iframe><\/figure>\n\n\n\n<h4 class=\"wp-block-heading\">25.11.2020 &#8211; Wniosek do Ministerstwa Klimatu i \u015arodowiska z pro\u015bb\u0105 o zarezerwowanie \u015brodk\u00f3w finansowych oraz udzielenie mo\u017cliwej pomocy Gminie Rogo\u017ano przy realizacji projekt\u00f3w w zakresie modernizacji oczyszczalni \u015bciek\u00f3w oraz kanalizacji.<\/h4>\n\n\n\n<figure class=\"wp-block-embed-pdf-viewer-embed-pdf-viewer wp-block-embed-pdf-viewer-embed-pdf-viewer__content-wrapper\"><object class=\"embed-pdf-viewer\" data=\"https:\/\/czyste-jeziora.pl\/wp-content\/uploads\/2020\/12\/UwagaDoKrajowegoProgramuOczyszczalnaSciekowRogozno_26_11_2020_V4.pdf#scrollbar=1&amp;toolbar=1\" type=\"application\/pdf\" width=\"600\" height=\"800\"><\/object><iframe class=\"embed-pdf-viewer\" src=\"https:\/\/docs.google.com\/viewer?url=https%3A%2F%2Fczyste-jeziora.pl%2Fwp-content%2Fuploads%2F2020%2F12%2FUwagaDoKrajowegoProgramuOczyszczalnaSciekowRogozno_26_11_2020_V4.pdf&amp;embedded=true\" width=\"600\" height=\"800\" frameborder=\"0\"><\/iframe><\/figure>\n\n\n\n<h4 class=\"wp-block-heading\">23.11.2020 &#8211; Odpowied\u017a Dyrektora Regionalnego Zarz\u0105du Gospodarki Wodnej w Poznaniu na petycj\u0119 dotycz\u0105c\u0105 czysto\u015bci jezior i rzek i przeciwdzia\u0142aniu suszy.<\/h4>\n\n\n\n<p>Poni\u017cszy dokument stanowi Za\u0142\u0105cznik nr 2 do powy\u017cszego wniosku skierowanego do Ministerstwa Klimatu i \u015arodowiska z pro\u015bb\u0105 o zarezerwowanie \u015brodk\u00f3w finansowych oraz udzielenie mo\u017cliwej pomocy Gminie Rogo\u017ano przy realizacji projekt\u00f3w w zakresie modernizacji oczyszczalni \u015bciek\u00f3w oraz kanalizacji.<\/p>\n\n\n\n<figure class=\"wp-block-embed-pdf-viewer-embed-pdf-viewer wp-block-embed-pdf-viewer-embed-pdf-viewer__content-wrapper\"><object class=\"embed-pdf-viewer\" data=\"https:\/\/czyste-jeziora.pl\/wp-content\/uploads\/2020\/11\/WSprCzystosciJeziorRzekIPrzeciwdzialaniuSuszy_23_11_2020_Odpowiedz_PGW_WodyPolskie.pdf#scrollbar=1&amp;toolbar=1\" type=\"application\/pdf\" width=\"600\" height=\"800\"><\/object><iframe class=\"embed-pdf-viewer\" src=\"https:\/\/docs.google.com\/viewer?url=https%3A%2F%2Fczyste-jeziora.pl%2Fwp-content%2Fuploads%2F2020%2F11%2FWSprCzystosciJeziorRzekIPrzeciwdzialaniuSuszy_23_11_2020_Odpowiedz_PGW_WodyPolskie.pdf&amp;embedded=true\" width=\"600\" height=\"800\" frameborder=\"0\"><\/iframe><\/figure>\n\n\n\n<h4 class=\"wp-block-heading\">09.03.2021 &#8211; Wniosek do Inspektora Nadzoru Budowlanego o zbadanie poprawno\u015bci instalacji wszystkich separator\u00f3w i piaskownik\u00f3w w\u00f3d opadowych i roztopowych w gminie rogo\u017ano w poni\u017cej opisanym zakresie.<\/h4>\n\n\n<iframe class=\"embed-pdf-viewer\" src=\"https:\/\/czyste-jeziora.pl\/wp-content\/uploads\/2021\/03\/WniosekDoInspektoraNadzoruBudowlanegoWsprSeparatorowPiaskownikowGminaRogozno_09_03_2021.pdf\" height=\"600\" width=\"800\" title=\"WniosekDoInspektoraNadzoruBudowlanegoWsprSeparatorowPiaskownikowGminaRogozno_09_03_2021\"><\/iframe>","protected":false},"excerpt":{"rendered":"<p>2011 &#8211; Budowa kanalizacji sanitarnej i oczyszczalni \u015bciek\u00f3w etap ii oraz separator\u00f3w na wlotach do jeziora Rogozi\u0144skiego i rzeki We\u0142ny aglomeracji Rogo\u017ano 29.07.2012 &#8211; Rogo\u017ano &#8211; Po\u0142\u00f3w ryb na ulicy Ko\u015bciuszki 25.07.2019 &#8211; Wniosek o informacje o \u015brodowisku dotycz\u0105ce Kanalizacji w Rogo\u017anie 28.08.2019 &#8211; APLAGA &#8211; Zawiadomienie o zagro\u017ceniu zatrucia [&hellip;]<\/p>\n","protected":false},"author":1,"featured_media":270,"parent":0,"menu_order":0,"comment_status":"closed","ping_status":"closed","template":"","meta":{"footnotes":""},"_links":{"self":[{"href":"https:\/\/czyste-jeziora.pl\/index.php?rest_route=\/wp\/v2\/pages\/85"}],"collection":[{"href":"https:\/\/czyste-jeziora.pl\/index.php?rest_route=\/wp\/v2\/pages"}],"about":[{"href":"https:\/\/czyste-jeziora.pl\/index.php?rest_route=\/wp\/v2\/types\/page"}],"author":[{"embeddable":true,"href":"https:\/\/czyste-jeziora.pl\/index.php?rest_route=\/wp\/v2\/users\/1"}],"replies":[{"embeddable":true,"href":"https:\/\/czyste-jeziora.pl\/index.php?rest_route=%2Fwp%2Fv2%2Fcomments&post=85"}],"version-history":[{"count":22,"href":"https:\/\/czyste-jeziora.pl\/index.php?rest_route=\/wp\/v2\/pages\/85\/revisions"}],"predecessor-version":[{"id":1327,"href":"https:\/\/czyste-jeziora.pl\/index.php?rest_route=\/wp\/v2\/pages\/85\/revisions\/1327"}],"wp:featuredmedia":[{"embeddable":true,"href":"https:\/\/czyste-jeziora.pl\/index.php?rest_route=\/wp\/v2\/media\/270"}],"wp:attachment":[{"href":"https:\/\/czyste-jeziora.pl\/index.php?rest_route=%2Fwp%2Fv2%2Fmedia&parent=85"}],"curies":[{"name":"wp","href":"https:\/\/api.w.org\/{rel}","templated":true}]}}